{"id":11555,"date":"2019-02-03T18:01:21","date_gmt":"2019-02-03T18:01:21","guid":{"rendered":"http:\/\/uniathletes.com\/?page_id=11555"},"modified":"2021-02-15T14:14:45","modified_gmt":"2021-02-15T14:14:45","slug":"team","status":"publish","type":"page","link":"http:\/\/uniathletes.com\/fr\/team\/","title":{"rendered":"La Team"},"content":{"rendered":"<div class=\"vc_row wpb_row vc_row-fluid vc_custom_1550062218507\"><div class=\"wpb_column vc_column_container vc_col-sm-12\"><div class=\"vc_column-inner\"><div class=\"wpb_wrapper\">\n\t<div class=\"wpb_text_column wpb_content_element\" >\n\t\t<div class=\"wpb_wrapper\">\n\t\t\t<h2 style=\"text-align: center;\"><span style=\"color: #0d034a;\">Les fondatrices<\/span><\/h2>\n\n\t\t<\/div>\n\t<\/div>\n<\/div><\/div><\/div><\/div><div class=\"vc_row wpb_row vc_row-fluid\"><\/div><div class=\"vc_row wpb_row vc_row-fluid vc_custom_1549285025411\"><div class=\"wpb_column vc_column_container vc_col-sm-3\"><div class=\"vc_column-inner\"><div class=\"wpb_wrapper\"><\/div><\/div><\/div><div class=\"wpb_column vc_column_container vc_col-sm-3\"><div class=\"vc_column-inner\"><div class=\"wpb_wrapper\">\n<div class=\"vc_clearfix\"><div class=\"vc_clearfix wpb_content_element vc_custom_1549618776821\">\n\t<div id=\"vc_gid_1613398392781-ce97ded5-ff91-0\" class=\"team-member\t\t\t\t__light\">\n\t\t<div class=\"team-member_img-w\" style=\"background-color:;\">\n\t\t\t<img\n\t\t\t\tsrc=\"http:\/\/uniathletes.com\/wp-content\/uploads\/2019\/02\/UniAthletes-Valerie-Inghels.png\"\n\t\t\t\talt=\"Valerie Inghels\"\n\t\t\t\tclass=\"team-member_img\"\n\t\t\t>\n\t\t\t\t\t<\/div>\n\t\t<div class=\"team-member_cnt text-left __middle\">\n\t\t\t<h5 class=\"team-member_name\">Valerie Inghels<\/h5>\n\t\t\t<div class=\"team-member_job\">Co-Fondatrice<\/div>\n\t\t\t\t\t\t\t<div class=\"team-member_desc\"><p>Val\u00e9rie a commenc\u00e9 \u00e0 nager en France \u00e0 l'adolescence. Elle est devenue championne de France junior en 200 papillon, demi-finaliste aux France N1 et a remport\u00e9 le titre en 200 papillon aux Championnats de Belgique en 2012. Elle a d\u00e9cid\u00e9 d'aller \u00e0 l'Universit\u00e9 Auburn puis a \u00e9t\u00e9 transf\u00e9r\u00e9e \u00e0 Florida International University, o\u00f9 elle a rencontr\u00e9 co-fondatrice Ilaria. Elle a particip\u00e9 au championnat C-USA et a remport\u00e9 l'or aux 100 et 200 papillon. Elle a obtenu un baccalaur\u00e9at en communication et a ensuite poursuivi un master en communication en Espagne \u00e0 IE Business School.<\/p>\n<\/div>\n\t\t\t\t\t\t<div class=\"team-member_soc __brand-colors\"><a href=\"http:\/\/valerie@uniathletes.com\/fr\/\" class=\"team-member_soc-lk __envelope\"><i class=\"fa fa-envelope\"><\/i><\/a><a href=\"https:\/\/www.facebook.com\/valerieinghels.uniathletes\" class=\"team-member_soc-lk __facebook\"><i class=\"fa fa-facebook\"><\/i><\/a><a href=\"#\" class=\"team-member_soc-lk __twitter\"><i class=\"fa fa-twitter\"><\/i><\/a><a href=\"https:\/\/www.instagram.com\/uniathletes\/\" class=\"team-member_soc-lk __instagram\"><i class=\"fa fa-instagram\"><\/i><\/a><\/div>\t\t<\/div>\n\t<\/div>\n<\/div><\/div>\n<\/div><\/div><\/div><div class=\"wpb_column vc_column_container vc_col-sm-3\"><div class=\"vc_column-inner\"><div class=\"wpb_wrapper\">\n<div class=\"vc_clearfix\"><div class=\"vc_clearfix wpb_content_element vc_custom_1549542356437\">\n\t<div id=\"vc_gid_1613398392783-0ca552fe-c086-2\" class=\"team-member\t\t\t\t__light\">\n\t\t<div class=\"team-member_img-w\" style=\"background-color:;\">\n\t\t\t<img\n\t\t\t\tsrc=\"http:\/\/uniathletes.com\/wp-content\/uploads\/2019\/02\/UniAthletes-Ilaria-Manzella..png\"\n\t\t\t\talt=\"Ilaria Manzella\"\n\t\t\t\tclass=\"team-member_img\"\n\t\t\t>\n\t\t\t\t\t<\/div>\n\t\t<div class=\"team-member_cnt text-left __middle\">\n\t\t\t<h5 class=\"team-member_name\">Ilaria Manzella<\/h5>\n\t\t\t<div class=\"team-member_job\">Co-Fondatrice<\/div>\n\t\t\t\t\t\t\t<div class=\"team-member_desc\"><p>Ilaria a nag\u00e9 au niveau national en Italie au CN UISP de Bologne et a particip\u00e9 au 200 4Nages et au 400 4Nages aux championnats d'Italie. Voulant poursuivre son r\u00eave am\u00e9ricain, elle a rejoint les Panthers de la Florida International University o\u00f9 elle a \u00e9tudi\u00e9 le commerce international. \u00c0 FIU, Ilaria a remport\u00e9 la m\u00e9daille d\u2019argent au 500 libre et le bronze au 400 4Nages aux championnats C-USA. Ilaria est un esprit curieux et elle s'int\u00e9resse \u00e0 tout ce qui concerne la mode et la technologie et parle couramment l'anglais, l'espagnol, le fran\u00e7ais et l'italien.<\/p>\n<\/div>\n\t\t\t\t\t\t<div class=\"team-member_soc __brand-colors\"><a href=\"http:\/\/ilaria@uniathletes.com\/fr\/\" class=\"team-member_soc-lk __envelope\"><i class=\"fa fa-envelope\"><\/i><\/a><a href=\"https:\/\/www.facebook.com\/ilaria.manzella1\" class=\"team-member_soc-lk __facebook\"><i class=\"fa fa-facebook\"><\/i><\/a><a href=\"https:\/\/www.instagram.com\/uniathletes\/\" class=\"team-member_soc-lk __instagram\"><i class=\"fa fa-instagram\"><\/i><\/a><\/div>\t\t<\/div>\n\t<\/div>\n<\/div><\/div>\n<\/div><\/div><\/div><div class=\"wpb_column vc_column_container vc_col-sm-3\"><div class=\"vc_column-inner\"><div class=\"wpb_wrapper\"><\/div><\/div><\/div><\/div><div class=\"vc_row wpb_row vc_row-fluid vc_custom_1550062225762\"><div class=\"wpb_column vc_column_container vc_col-sm-12\"><div class=\"vc_column-inner\"><div class=\"wpb_wrapper\">\n\t<div class=\"wpb_text_column wpb_content_element\" >\n\t\t<div class=\"wpb_wrapper\">\n\t\t\t<h2 style=\"text-align: center;\"><span style=\"color: #0d034a;\">Les consultants<\/span><\/h2>\n\n\t\t<\/div>\n\t<\/div>\n<\/div><\/div><\/div><\/div><div class=\"vc_row wpb_row vc_row-fluid vc_custom_1549285025411\"><div class=\"wpb_column vc_column_container vc_col-sm-3\"><div class=\"vc_column-inner\"><div class=\"wpb_wrapper\"><\/div><\/div><\/div><div class=\"wpb_column vc_column_container vc_col-sm-3\"><div class=\"vc_column-inner\"><div class=\"wpb_wrapper\">\n<div class=\"vc_clearfix\"><div class=\"vc_clearfix wpb_content_element vc_custom_1613398451353\">\n\t<div id=\"vc_gid_1613398392785-1f312e9e-f263-3\" class=\"team-member\t\t\t\t__light\">\n\t\t<div class=\"team-member_img-w\" style=\"background-color:;\">\n\t\t\t<img\n\t\t\t\tsrc=\"http:\/\/uniathletes.com\/wp-content\/uploads\/2021\/02\/32F9F45E-2EE1-475A-B8F9-703BBCFB462E.jpg\"\n\t\t\t\talt=\"Clara Monges\"\n\t\t\t\tclass=\"team-member_img\"\n\t\t\t>\n\t\t\t\t\t<\/div>\n\t\t<div class=\"team-member_cnt text-left __middle\">\n\t\t\t<h5 class=\"team-member_name\">Clara Monges<\/h5>\n\t\t\t<div class=\"team-member_job\">Consultante sportive, Natation<\/div>\n\t\t\t\t\t\t\t<div class=\"team-member_desc\"><p>Clara is a former swimmer from the south of France who currently lives in Boca Raton, Florida. During her college career she swam at Emmanuel College and Lynn University and competed at the NCAA Division II Championship.\u00a0 Clara obtained a bachelors in international business and an MBA in hospitality.<\/p>\n<\/div>\n\t\t\t\t\t\t<div class=\"team-member_soc __brand-colors\"><a href=\"http:\/\/clara@uniathletes.com\/fr\/\" class=\"team-member_soc-lk __envelope\"><i class=\"fa fa-envelope\"><\/i><\/a><a href=\"https:\/\/www.instagram.com\/clara.mgs\/?hl=fr\" class=\"team-member_soc-lk __instagram\"><i class=\"fa fa-instagram\"><\/i><\/a><\/div>\t\t<\/div>\n\t<\/div>\n<\/div><\/div>\n\n<div class=\"vc_clearfix\"><div class=\"vc_clearfix wpb_content_element vc_custom_1580061200887\">\n\t<div id=\"vc_gid_1613398392785-1ffe58e4-1205-2\" class=\"team-member\t\t\t\t__light\">\n\t\t<div class=\"team-member_img-w\" style=\"background-color:;\">\n\t\t\t<img\n\t\t\t\tsrc=\"http:\/\/uniathletes.com\/wp-content\/uploads\/2020\/01\/Pierre.jpg\"\n\t\t\t\talt=\"Pierre Douat\"\n\t\t\t\tclass=\"team-member_img\"\n\t\t\t>\n\t\t\t\t\t<\/div>\n\t\t<div class=\"team-member_cnt text-left __middle\">\n\t\t\t<h5 class=\"team-member_name\">Pierre Douat<\/h5>\n\t\t\t<div class=\"team-member_job\">Sports Consultant, Track &amp; Field<\/div>\n\t\t\t\t\t\t\t<div class=\"team-member_desc\"><p>Pierre is a Track &amp; Field athlete who started his athletic career at the &#8220;Club de Bidache&#8221;, before deciding to move to the USA to combine sport with his academic journey. He started his college experience at Santa Barbara CC (SBCC), California. He now lives and practice back in France and will guide young athletes who aspire to go to the USA.<\/p>\n<\/div>\n\t\t\t\t\t\t<div class=\"team-member_soc __brand-colors\"><a href=\"http:\/\/pierre@uniathletes.com\/fr\/\" class=\"team-member_soc-lk __envelope\"><i class=\"fa fa-envelope\"><\/i><\/a><a href=\"https:\/\/www.instagram.com\/pierrodeca\" class=\"team-member_soc-lk __instagram\"><i class=\"fa fa-instagram\"><\/i><\/a><\/div>\t\t<\/div>\n\t<\/div>\n<\/div><\/div>\n<\/div><\/div><\/div><div class=\"wpb_column vc_column_container vc_col-sm-3\"><div class=\"vc_column-inner\"><div class=\"wpb_wrapper\">\n<div class=\"vc_clearfix\"><div class=\"vc_clearfix wpb_content_element vc_custom_1613398385846\">\n\t<div id=\"vc_gid_1613398392786-dd8cdd5e-0121-6\" class=\"team-member\t\t\t\t__light\">\n\t\t<div class=\"team-member_img-w\" style=\"background-color:;\">\n\t\t\t<img\n\t\t\t\tsrc=\"http:\/\/uniathletes.com\/wp-content\/uploads\/2020\/01\/Tarass.jpg\"\n\t\t\t\talt=\"Tarass Thevenaz\"\n\t\t\t\tclass=\"team-member_img\"\n\t\t\t>\n\t\t\t\t\t<\/div>\n\t\t<div class=\"team-member_cnt text-left __middle\">\n\t\t\t<h5 class=\"team-member_name\">Tarass Thevenaz<\/h5>\n\t\t\t<div class=\"team-member_job\">Sports Consultant, Tennis<\/div>\n\t\t\t\t\t\t\t<div class=\"team-member_desc\"><p>A tennis player from the Switzerland, junior state champion in 2012, he competed in major national championships before he decided to go to US college to keep up his tennis while receiving an education and studying Economics.\u00a0He played two seasons at Francis Marion University in South Carolina, before transferring to Rockhurst University, Kansas City. \u00a0He now wants to use his experience to help young tennis players navigate the waters of college recruiting and find the right fit.<\/p>\n<\/div>\n\t\t\t\t\t\t<div class=\"team-member_soc __brand-colors\"><a href=\"http:\/\/tarass@uniathletes.com\/fr\/\" class=\"team-member_soc-lk __envelope\"><i class=\"fa fa-envelope\"><\/i><\/a><a href=\"https:\/\/www.instagram.com\/uniathletes%20\" class=\"team-member_soc-lk __instagram\"><i class=\"fa fa-instagram\"><\/i><\/a><\/div>\t\t<\/div>\n\t<\/div>\n<\/div><\/div>\n\n<div class=\"vc_clearfix\"><div class=\"vc_clearfix wpb_content_element vc_custom_1580061150448\">\n\t<div id=\"vc_gid_1613398392786-d7deb712-4c42-2\" class=\"team-member\t\t\t\t__light\">\n\t\t<div class=\"team-member_img-w\" style=\"background-color:;\">\n\t\t\t<img\n\t\t\t\tsrc=\"http:\/\/uniathletes.com\/wp-content\/uploads\/2020\/01\/Oceane.jpg\"\n\t\t\t\talt=\"Oceane Peretti\"\n\t\t\t\tclass=\"team-member_img\"\n\t\t\t>\n\t\t\t\t\t<\/div>\n\t\t<div class=\"team-member_cnt text-left __middle\">\n\t\t\t<h5 class=\"team-member_name\">Oceane Peretti<\/h5>\n\t\t\t<div class=\"team-member_job\">Consultante sportive, Natation <\/div>\n\t\t\t\t\t\t\t<div class=\"team-member_desc\"><p>A French swimmer from Hyeres, vice champion of the 1500m of the age group 14-18 at French Nationals, she decided to move to the United States in 2015 to pursue her dream to study Computer Engineering and competing at a high level at the same time. In 2017, she was nominated Team Captain at FIU, where she concluded her bachelor before starting her Masters in the UK.<\/p>\n<\/div>\n\t\t\t\t\t\t<div class=\"team-member_soc __brand-colors\"><a href=\"http:\/\/oceane@uniathletes.com\/fr\/\" class=\"team-member_soc-lk __envelope\"><i class=\"fa fa-envelope\"><\/i><\/a><a href=\"https:\/\/www.instagram.com\/oc_peretti\" class=\"team-member_soc-lk __instagram\"><i class=\"fa fa-instagram\"><\/i><\/a><\/div>\t\t<\/div>\n\t<\/div>\n<\/div><\/div>\n<\/div><\/div><\/div><div class=\"wpb_column vc_column_container vc_col-sm-3\"><div class=\"vc_column-inner\"><div class=\"wpb_wrapper\"><\/div><\/div><\/div><\/div><div data-vc-full-width=\"true\" data-vc-full-width-init=\"false\" data-vc-stretch-content=\"true\" class=\"vc_row wpb_row vc_row-fluid vc_custom_1549377976056 vc_row-has-fill vc_row-no-padding\"><div class=\"wpb_column vc_column_container vc_col-sm-2\"><div class=\"vc_column-inner\"><div class=\"wpb_wrapper\"><\/div><\/div><\/div><div class=\"wpb_column vc_column_container vc_col-sm-4\"><div class=\"vc_column-inner\"><div class=\"wpb_wrapper\">\n\t<div  class=\"wpb_single_image wpb_content_element vc_align_center\">\n\t\t\n\t\t<figure class=\"wpb_wrapper vc_figure\">\n\t\t\t<a href=\"https:\/\/www.facebook.com\/UniAthletes\/\" target=\"_blank\" class=\"vc_single_image-wrapper   vc_box_border_grey\"><img width=\"48\" height=\"48\" src=\"http:\/\/uniathletes.com\/wp-content\/uploads\/2019\/02\/icons8-facebook-48.png\" class=\"vc_single_image-img attachment-large\" alt=\"\" loading=\"lazy\" \/><\/a>\n\t\t<\/figure>\n\t<\/div>\n<\/div><\/div><\/div><div class=\"wpb_column vc_column_container vc_col-sm-4\"><div class=\"vc_column-inner\"><div class=\"wpb_wrapper\">\n\t<div  class=\"wpb_single_image wpb_content_element vc_align_center\">\n\t\t\n\t\t<figure class=\"wpb_wrapper vc_figure\">\n\t\t\t<a href=\"https:\/\/www.instagram.com\/uniathletes\/\" target=\"_blank\" class=\"vc_single_image-wrapper   vc_box_border_grey\"><img width=\"48\" height=\"48\" src=\"http:\/\/uniathletes.com\/wp-content\/uploads\/2019\/02\/icons8-instagram-48.png\" class=\"vc_single_image-img attachment-large\" alt=\"\" loading=\"lazy\" \/><\/a>\n\t\t<\/figure>\n\t<\/div>\n<\/div><\/div><\/div><div class=\"wpb_column vc_column_container vc_col-sm-2\"><div class=\"vc_column-inner\"><div class=\"wpb_wrapper\"><\/div><\/div><\/div><\/div><div class=\"vc_row-full-width vc_clearfix\"><\/div><div data-vc-full-width=\"true\" data-vc-full-width-init=\"false\" class=\"vc_row wpb_row vc_row-fluid vc_custom_1549293541072 vc_row-has-fill\"><div class=\"wpb_column vc_column_container vc_col-sm-12\"><div class=\"vc_column-inner\"><div class=\"wpb_wrapper\"><div class=\"vc_row wpb_row vc_inner vc_row-fluid\"><div class=\"wpb_column vc_column_container vc_col-sm-12\"><div class=\"vc_column-inner\"><div class=\"wpb_wrapper\">\n\t<div class=\"wpb_text_column wpb_content_element  wpb_animate_when_almost_visible wpb_bottom-to-top bottom-to-top\" >\n\t\t<div class=\"wpb_wrapper\">\n\t\t\t<h2 style=\"text-align: center; font-size: 42px; color: #fff;\">Rejoignez-nous!<\/h2>\n\n\t\t<\/div>\n\t<\/div>\n\n\t<div class=\"wpb_text_column wpb_content_element  wpb_animate_when_almost_visible wpb_bottom-to-top bottom-to-top\" >\n\t\t<div class=\"wpb_wrapper\">\n\t\t\t<h4 style=\"color: #fff; font-weight: 400; line-height: 1.5; font-size: 26px; text-align: center;\">Pour plus d'informations ou pour postuler, contactez-nous ou remplissez le formulaire d'inscription.<\/h4>\n\n\t\t<\/div>\n\t<\/div>\n<div class=\"vc_custom_1549293988332 ubtn-ctn-center\"><a class=\"ubtn-link ult-adjust-bottom-margin ubtn-center ubtn-normal\" href=\"http:\/\/uniathletes.com\/fr\/contact\/\"><button type=\"button\" id=\"ubtn-3556\" class=\"ubtn ult-adjust-bottom-margin ult-responsive ubtn-normal ubtn-no-hover-bg  ulta-grow  ubtn-center   tooltip-69d28834f1f0a\"  data-hover=\"#0d034a\" data-border-color=\"\" data-bg=\"#ffffff\" data-hover-bg=\"#ffffff\" data-border-hover=\"\" data-shadow-hover=\"\" data-shadow-click=\"none\" data-shadow=\"\" data-shd-shadow=\"\"  data-ultimate-target='#ubtn-3556'  data-responsive-json-new='{\"font-size\":\"\",\"line-height\":\"\"}'  style=\"font-weight:bold;border:none;background: #ffffff;color: #0d034a;\"><span class=\"ubtn-hover\" style=\"background-color:#ffffff\"><\/span><span class=\"ubtn-data ubtn-text\" >Inscription<\/span><\/button><\/a><\/div><\/div><\/div><\/div><\/div><\/div><\/div><\/div><\/div><div class=\"vc_row-full-width vc_clearfix\"><\/div><div class=\"vc_row wpb_row vc_row-fluid\"><div class=\"wpb_column vc_column_container vc_col-sm-12\"><div class=\"vc_column-inner\"><div class=\"wpb_wrapper\"><\/div><\/div><\/div><\/div>","protected":false},"excerpt":{"rendered":"Meet the founders Valerie Inghels Co-Founder Valerie started swimming in France as a teenager. She became French junior national champion in 200 fly, semi- finalist at French Olympic Trials and...","protected":false},"author":3,"featured_media":0,"parent":0,"menu_order":0,"comment_status":"closed","ping_status":"closed","template":"","meta":{"_exactmetrics_skip_tracking":false,"_exactmetrics_sitenote_active":false,"_exactmetrics_sitenote_note":"","_exactmetrics_sitenote_category":0},"yoast_head":"<!-- This site is optimized with the Yoast SEO plugin v20.6 - https:\/\/yoast.com\/wordpress\/plugins\/seo\/ -->\n<title>Our Team | UniAthletes<\/title>\n<meta name=\"description\" content=\"Discover our team of sports consultants. Get to know the co-founders Valerie Inghels and Ilaria Manzella and other many consultants that will help you.\" \/>\n<meta name=\"robots\" content=\"index, follow, max-snippet:-1, max-image-preview:large, max-video-preview:-1\" \/>\n<link rel=\"canonical\" href=\"http:\/\/uniathletes.com\/fr\/team\/\" \/>\n<meta property=\"og:locale\" content=\"fr_FR\" \/>\n<meta property=\"og:type\" content=\"article\" \/>\n<meta property=\"og:title\" content=\"Our Team | UniAthletes\" \/>\n<meta property=\"og:description\" content=\"Discover our team of sports consultants. Get to know the co-founders Valerie Inghels and Ilaria Manzella and other many consultants that will help you.\" \/>\n<meta property=\"og:url\" content=\"http:\/\/uniathletes.com\/fr\/team\/\" \/>\n<meta property=\"og:site_name\" content=\"UniAthletes\" \/>\n<meta property=\"article:modified_time\" content=\"2021-02-15T14:14:45+00:00\" \/>\n<meta name=\"twitter:card\" content=\"summary_large_image\" \/>\n<meta name=\"twitter:label1\" content=\"Dur\u00e9e de lecture estim\u00e9e\" \/>\n\t<meta name=\"twitter:data1\" content=\"5 minutes\" \/>\n<script type=\"application\/ld+json\" class=\"yoast-schema-graph\">{\"@context\":\"https:\/\/schema.org\",\"@graph\":[{\"@type\":\"WebPage\",\"@id\":\"http:\/\/uniathletes.com\/team\/\",\"url\":\"http:\/\/uniathletes.com\/team\/\",\"name\":\"Our Team | UniAthletes\",\"isPartOf\":{\"@id\":\"http:\/\/uniathletes.com\/#website\"},\"datePublished\":\"2019-02-03T18:01:21+00:00\",\"dateModified\":\"2021-02-15T14:14:45+00:00\",\"description\":\"Discover our team of sports consultants. Get to know the co-founders Valerie Inghels and Ilaria Manzella and other many consultants that will help you.\",\"breadcrumb\":{\"@id\":\"http:\/\/uniathletes.com\/team\/#breadcrumb\"},\"inLanguage\":\"fr-FR\",\"potentialAction\":[{\"@type\":\"ReadAction\",\"target\":[\"http:\/\/uniathletes.com\/team\/\"]}]},{\"@type\":\"BreadcrumbList\",\"@id\":\"http:\/\/uniathletes.com\/team\/#breadcrumb\",\"itemListElement\":[{\"@type\":\"ListItem\",\"position\":1,\"name\":\"Home\",\"item\":\"http:\/\/uniathletes.com\/\"},{\"@type\":\"ListItem\",\"position\":2,\"name\":\"Our Team\"}]},{\"@type\":\"WebSite\",\"@id\":\"http:\/\/uniathletes.com\/#website\",\"url\":\"http:\/\/uniathletes.com\/\",\"name\":\"UniAthletes\",\"description\":\"UniAthletes\",\"publisher\":{\"@id\":\"http:\/\/uniathletes.com\/#organization\"},\"potentialAction\":[{\"@type\":\"SearchAction\",\"target\":{\"@type\":\"EntryPoint\",\"urlTemplate\":\"http:\/\/uniathletes.com\/?s={search_term_string}\"},\"query-input\":\"required name=search_term_string\"}],\"inLanguage\":\"fr-FR\"},{\"@type\":\"Organization\",\"@id\":\"http:\/\/uniathletes.com\/#organization\",\"name\":\"UniAthletes\",\"url\":\"http:\/\/uniathletes.com\/\",\"logo\":{\"@type\":\"ImageObject\",\"inLanguage\":\"fr-FR\",\"@id\":\"http:\/\/uniathletes.com\/#\/schema\/logo\/image\/\",\"url\":\"http:\/\/uniathletes.com\/wp-content\/uploads\/2019\/02\/UniAthletes-Logo-flag-horizontal-1.png\",\"contentUrl\":\"http:\/\/uniathletes.com\/wp-content\/uploads\/2019\/02\/UniAthletes-Logo-flag-horizontal-1.png\",\"width\":100,\"height\":34,\"caption\":\"UniAthletes\"},\"image\":{\"@id\":\"http:\/\/uniathletes.com\/#\/schema\/logo\/image\/\"}}]}<\/script>\n<!-- \/ Yoast SEO plugin. -->","yoast_head_json":{"title":"Our Team | UniAthletes","description":"Discover our team of sports consultants. Get to know the co-founders Valerie Inghels and Ilaria Manzella and other many consultants that will help you.","robots":{"index":"index","follow":"follow","max-snippet":"max-snippet:-1","max-image-preview":"max-image-preview:large","max-video-preview":"max-video-preview:-1"},"canonical":"http:\/\/uniathletes.com\/fr\/team\/","og_locale":"fr_FR","og_type":"article","og_title":"Our Team | UniAthletes","og_description":"Discover our team of sports consultants. Get to know the co-founders Valerie Inghels and Ilaria Manzella and other many consultants that will help you.","og_url":"http:\/\/uniathletes.com\/fr\/team\/","og_site_name":"UniAthletes","article_modified_time":"2021-02-15T14:14:45+00:00","twitter_card":"summary_large_image","twitter_misc":{"Dur\u00e9e de lecture estim\u00e9e":"5 minutes"},"schema":{"@context":"https:\/\/schema.org","@graph":[{"@type":"WebPage","@id":"http:\/\/uniathletes.com\/team\/","url":"http:\/\/uniathletes.com\/team\/","name":"Our Team | UniAthletes","isPartOf":{"@id":"http:\/\/uniathletes.com\/#website"},"datePublished":"2019-02-03T18:01:21+00:00","dateModified":"2021-02-15T14:14:45+00:00","description":"Discover our team of sports consultants. Get to know the co-founders Valerie Inghels and Ilaria Manzella and other many consultants that will help you.","breadcrumb":{"@id":"http:\/\/uniathletes.com\/team\/#breadcrumb"},"inLanguage":"fr-FR","potentialAction":[{"@type":"ReadAction","target":["http:\/\/uniathletes.com\/team\/"]}]},{"@type":"BreadcrumbList","@id":"http:\/\/uniathletes.com\/team\/#breadcrumb","itemListElement":[{"@type":"ListItem","position":1,"name":"Home","item":"http:\/\/uniathletes.com\/"},{"@type":"ListItem","position":2,"name":"Our Team"}]},{"@type":"WebSite","@id":"http:\/\/uniathletes.com\/#website","url":"http:\/\/uniathletes.com\/","name":"UniAthletes","description":"UniAthletes","publisher":{"@id":"http:\/\/uniathletes.com\/#organization"},"potentialAction":[{"@type":"SearchAction","target":{"@type":"EntryPoint","urlTemplate":"http:\/\/uniathletes.com\/?s={search_term_string}"},"query-input":"required name=search_term_string"}],"inLanguage":"fr-FR"},{"@type":"Organization","@id":"http:\/\/uniathletes.com\/#organization","name":"UniAthletes","url":"http:\/\/uniathletes.com\/","logo":{"@type":"ImageObject","inLanguage":"fr-FR","@id":"http:\/\/uniathletes.com\/#\/schema\/logo\/image\/","url":"http:\/\/uniathletes.com\/wp-content\/uploads\/2019\/02\/UniAthletes-Logo-flag-horizontal-1.png","contentUrl":"http:\/\/uniathletes.com\/wp-content\/uploads\/2019\/02\/UniAthletes-Logo-flag-horizontal-1.png","width":100,"height":34,"caption":"UniAthletes"},"image":{"@id":"http:\/\/uniathletes.com\/#\/schema\/logo\/image\/"}}]}},"_links":{"self":[{"href":"http:\/\/uniathletes.com\/fr\/wp-json\/wp\/v2\/pages\/11555"}],"collection":[{"href":"http:\/\/uniathletes.com\/fr\/wp-json\/wp\/v2\/pages"}],"about":[{"href":"http:\/\/uniathletes.com\/fr\/wp-json\/wp\/v2\/types\/page"}],"author":[{"embeddable":true,"href":"http:\/\/uniathletes.com\/fr\/wp-json\/wp\/v2\/users\/3"}],"replies":[{"embeddable":true,"href":"http:\/\/uniathletes.com\/fr\/wp-json\/wp\/v2\/comments?post=11555"}],"version-history":[{"count":35,"href":"http:\/\/uniathletes.com\/fr\/wp-json\/wp\/v2\/pages\/11555\/revisions"}],"predecessor-version":[{"id":12375,"href":"http:\/\/uniathletes.com\/fr\/wp-json\/wp\/v2\/pages\/11555\/revisions\/12375"}],"wp:attachment":[{"href":"http:\/\/uniathletes.com\/fr\/wp-json\/wp\/v2\/media?parent=11555"}],"curies":[{"name":"wp","href":"https:\/\/api.w.org\/{rel}","templated":true}]}}