{"id":11558,"date":"2019-02-03T18:02:49","date_gmt":"2019-02-03T18:02:49","guid":{"rendered":"http:\/\/uniathletes.com\/?page_id=11558"},"modified":"2019-03-17T12:08:11","modified_gmt":"2019-03-17T12:08:11","slug":"sports","status":"publish","type":"page","link":"http:\/\/uniathletes.com\/fr\/service\/sports\/","title":{"rendered":"Sports"},"content":{"rendered":"<div class=\"vc_row wpb_row vc_row-fluid vc_custom_1549617532884 vc_column-gap-30\"><div class=\"wpb_column vc_column_container vc_col-sm-12\"><div class=\"vc_column-inner\"><div class=\"wpb_wrapper\">\n\t<div class=\"wpb_text_column wpb_content_element  vc_custom_1549617573680\" >\n\t\t<div class=\"wpb_wrapper\">\n\t\t\t<h2 style=\"text-align: center;\"><span style=\"color: #0d034a;\">Sports universitaires aux US<\/span><\/h2>\n\n\t\t<\/div>\n\t<\/div>\n<div class=\"vc_row wpb_row vc_inner vc_row-fluid\"><div class=\"wpb_column vc_column_container vc_col-sm-12 vc_col-lg-offset-1 vc_col-lg-10 vc_col-md-offset-1 vc_col-md-10\"><div class=\"vc_column-inner\"><div class=\"wpb_wrapper\">\n\t<div class=\"wpb_text_column wpb_content_element\" >\n\t\t<div class=\"wpb_wrapper\">\n\t\t\t<h4><span style=\"color: #0d034a;\">Le sport universitaire aux US, c'est quoi?<\/span><\/h4>\n\n\t\t<\/div>\n\t<\/div>\n\n\t<div class=\"wpb_text_column wpb_content_element\" >\n\t\t<div class=\"wpb_wrapper\">\n\t\t\t<p>Le sport est profond\u00e9ment ancr\u00e9 dans la culture am\u00e9ricaine et est au c\u0153ur de la vie \u00e9tudiante \u00e0 l'universit\u00e9. Dans certaines \u00e9coles, les \u00e9quipes de football peuvent rassembler des dizaines de milliers de spectateurs dans leur stade par match - le plus grand stade universitaire compte 110,000 places! Les universit\u00e9s am\u00e9ricaines ont mis en place un syst\u00e8me unique pour les athl\u00e8tes. Gr\u00e2ce aux revenus g\u00e9n\u00e9r\u00e9s par certains sports (football am\u00e9ricain, basketball) les universit\u00e9s peuvent attribuent un certain nombre de bourses sportives aux \u00e9quipes et aux athl\u00e8tes. Le nombre et le montant des bourses variant en fonction des \u00e9coles et des sports. En g\u00e9n\u00e9ral, un athl\u00e8te de niveau r\u00e9gional ou national (selon le sport) peut raisonnablement pr\u00e9tendre \u00e0 une bourse couvrant tout ou partie des: frais de scolarit\u00e9, logement, repas, entra\u00eenements, \u00e9quipements sportifs, soins m\u00e9dicaux, livres scolaires,... Nous aidons aux recherches de bourses dans les 24 sports propos\u00e9s par la NCAA (football, tennis, golf, athl\u00e9tisme, aviron, volley-ball, athl\u00e9tisme, natation, basketball, gymnastique, entre autres).<\/p>\n\n\t\t<\/div>\n\t<\/div>\n\n\t<div class=\"wpb_text_column wpb_content_element\" >\n\t\t<div class=\"wpb_wrapper\">\n\t\t\t<h4><span style=\"color: #0d034a;\">Structure d'une \u00e9quipe sportive universitaire<\/span><\/h4>\n\n\t\t<\/div>\n\t<\/div>\n\n\t<div class=\"wpb_text_column wpb_content_element\" >\n\t\t<div class=\"wpb_wrapper\">\n\t\t\t<p>Les \u00e9quipes universitaires peuvent compter un encadrement de 5 \u00e0 20 personnes par \u00e9quipe selon le sport. Entra\u00eeneurs, assistants entra\u00eeneurs, m\u00e9decins, kin\u00e9sith\u00e9rapeutes, pr\u00e9parateurs physiques et mentaux, conseillers p\u00e9dagogiques et tuteurs font tous partie du d\u00e9partement d'athl\u00e9tisme de l'universit\u00e9. Comme dans les \u00e9quipes professionnelles de foot ou rugby en Europe, tout est mis en \u0153uvre pour que les athl\u00e8tes pratiquent leur sport dans des conditions optimales. Il est assez courant que les \u00e9quipes s'entra\u00eenent deux fois par jour pendant la saison. Les athl\u00e8tes sont parfaitement \u00e9quip\u00e9s pour repr\u00e9senter l\u2019universit\u00e9 chez eux ou pour voyager \u00e0 travers les \u00c9tats-Unis pour des comp\u00e9titions. <\/p>\n\n\t\t<\/div>\n\t<\/div>\n<\/div><\/div><\/div><\/div><\/div><\/div><\/div><\/div><div data-vc-full-width=\"true\" data-vc-full-width-init=\"false\" class=\"vc_row wpb_row vc_row-fluid vc_custom_1549636102431\"><div class=\"wpb_column vc_column_container vc_col-sm-12\"><div class=\"vc_column-inner\"><div class=\"wpb_wrapper\"><div class=\"vc_row wpb_row vc_inner vc_row-fluid vc_custom_1549635709252\"><div class=\"wpb_column vc_column_container vc_col-sm-12\"><div class=\"vc_column-inner\"><div class=\"wpb_wrapper\">\n\t<div class=\"wpb_text_column wpb_content_element  wpb_animate_when_almost_visible wpb_bottom-to-top bottom-to-top\" >\n\t\t<div class=\"wpb_wrapper\">\n\t\t\t<h3 style=\"color: #fff;\">Conna\u00eetre les divisions<\/h3>\n\n\t\t<\/div>\n\t<\/div>\n<\/div><\/div><\/div><\/div><div class=\"vc_row wpb_row vc_inner vc_row-fluid vc_custom_1550140510815\"><div class=\"wpb_column vc_column_container vc_col-sm-4\"><div class=\"vc_column-inner\"><div class=\"wpb_wrapper\">\n\t<div class=\"wpb_text_column wpb_content_element  wpb_animate_when_almost_visible wpb_bottom-to-top bottom-to-top vc_custom_1549635340139\" >\n\t\t<div class=\"wpb_wrapper\">\n\t\t\t<h6 style=\"color: #fff;\">NCAA Division 1<\/h6>\n\n\t\t<\/div>\n\t<\/div>\n\n\t<div class=\"wpb_text_column wpb_content_element  wpb_animate_when_almost_visible wpb_bottom-to-top bottom-to-top\" >\n\t\t<div class=\"wpb_wrapper\">\n\t\t\t<p style=\"color: #fff;\"><strong>C'est la plus haute division universitaire. Cette division compte plus de 300 universit\u00e9s parmi les plus grandes, comp\u00e9titives et les plus s\u00e9lectives.<\/strong><\/p>\n\n\t\t<\/div>\n\t<\/div>\n<\/div><\/div><\/div><div class=\"wpb_column vc_column_container vc_col-sm-4 vc_col-lg-4 vc_col-md-4\"><div class=\"vc_column-inner\"><div class=\"wpb_wrapper\">\n\t<div class=\"wpb_text_column wpb_content_element  wpb_animate_when_almost_visible wpb_bottom-to-top bottom-to-top vc_custom_1549635401158\" >\n\t\t<div class=\"wpb_wrapper\">\n\t\t\t<h6 style=\"color: #fff;\">NCAA Division 2<\/h6>\n\n\t\t<\/div>\n\t<\/div>\n\n\t<div class=\"wpb_text_column wpb_content_element  wpb_animate_when_almost_visible wpb_bottom-to-top bottom-to-top\" >\n\t\t<div class=\"wpb_wrapper\">\n\t\t\t<p style=\"color: #fff;\"><strong>Les universit\u00e9s de cette division sont tr\u00e8s fortes sur les plans sportif et acad\u00e9mique, mais la tailles des \u00e9coles est plus petite et elles sont moins exigeantes dans leurs admissions.<\/strong><\/p>\n\n\t\t<\/div>\n\t<\/div>\n<\/div><\/div><\/div><div class=\"wpb_column vc_column_container vc_col-sm-4\"><div class=\"vc_column-inner\"><div class=\"wpb_wrapper\">\n\t<div class=\"wpb_text_column wpb_content_element  wpb_animate_when_almost_visible wpb_bottom-to-top bottom-to-top vc_custom_1549635419178\" >\n\t\t<div class=\"wpb_wrapper\">\n\t\t\t<h6 style=\"color: #fff;\">NCAA Division 3<\/h6>\n\n\t\t<\/div>\n\t<\/div>\n\n\t<div class=\"wpb_text_column wpb_content_element  wpb_animate_when_almost_visible wpb_bottom-to-top bottom-to-top\" >\n\t\t<div class=\"wpb_wrapper\">\n\t\t\t<p style=\"color: #fff;\"><strong>Les \u00e9coles de cette division ont tendance \u00e0 \u00eatre solides sur le plan acad\u00e9mique, mais ne sont pas aussi comp\u00e9titives sur le plan sportif et ne distribuent pas de bourses d'\u00e9tudes sportives.<\/strong><\/p>\n\n\t\t<\/div>\n\t<\/div>\n<\/div><\/div><\/div><\/div><div class=\"vc_row wpb_row vc_inner vc_row-fluid\"><div class=\"wpb_column vc_column_container vc_col-sm-4\"><div class=\"vc_column-inner\"><div class=\"wpb_wrapper\">\n\t<div class=\"wpb_text_column wpb_content_element  wpb_animate_when_almost_visible wpb_bottom-to-top bottom-to-top vc_custom_1549635484113\" >\n\t\t<div class=\"wpb_wrapper\">\n\t\t\t<h6 style=\"color: #fff;\">Junior College<\/h6>\n\n\t\t<\/div>\n\t<\/div>\n\n\t<div class=\"wpb_text_column wpb_content_element  wpb_animate_when_almost_visible wpb_bottom-to-top bottom-to-top\" >\n\t\t<div class=\"wpb_wrapper\">\n\t\t\t<p style=\"color: #fff;\"><strong>Ce sont des universit\u00e9s de deux ans d\u00e9livrant un dipl\u00f4me qui vous aide \u00e0 passer \u00e0 une universit\u00e9 de la NCAA. Ces \u00e9coles sont un bon tremplin pour les \u00e9tudiants qui n'ont pas encore le niveau sportif ou acad\u00e9mique requis pour la NCAA.<\/strong><\/p>\n\n\t\t<\/div>\n\t<\/div>\n<\/div><\/div><\/div><div class=\"wpb_column vc_column_container vc_col-sm-4 vc_col-lg-4 vc_col-md-4\"><div class=\"vc_column-inner\"><div class=\"wpb_wrapper\">\n\t<div class=\"wpb_text_column wpb_content_element  wpb_animate_when_almost_visible wpb_bottom-to-top bottom-to-top vc_custom_1550062384027\" >\n\t\t<div class=\"wpb_wrapper\">\n\t\t\t<h6 style=\"color: #fff;\">NAIA<\/h6>\n\n\t\t<\/div>\n\t<\/div>\n\n\t<div class=\"wpb_text_column wpb_content_element  wpb_animate_when_almost_visible wpb_bottom-to-top bottom-to-top\" >\n\t\t<div class=\"wpb_wrapper\">\n\t\t\t<p style=\"color: #fff;\"><strong>Ce groupe comprend toutes les autres \u00e9coles de toutes tailles. Les admissions sont plus accessibles.<\/strong><\/p>\n\n\t\t<\/div>\n\t<\/div>\n<\/div><\/div><\/div><div class=\"wpb_column vc_column_container vc_col-sm-4\"><div class=\"vc_column-inner\"><div class=\"wpb_wrapper\">\n\t<div class=\"wpb_text_column wpb_content_element  wpb_animate_when_almost_visible wpb_bottom-to-top bottom-to-top vc_custom_1549635591786\" >\n\t\t<div class=\"wpb_wrapper\">\n\t\t\t<h6 style=\"color: #fff;\">Transfer<\/h6>\n\n\t\t<\/div>\n\t<\/div>\n\n\t<div class=\"wpb_text_column wpb_content_element  wpb_animate_when_almost_visible wpb_bottom-to-top bottom-to-top\" >\n\t\t<div class=\"wpb_wrapper\">\n\t\t\t<p style=\"color: #fff;\"><strong>Si vous avez d\u00e9j\u00e0 commenc\u00e9 des \u00e9tudes universitaires dans votre pays d\u2019origine, vous pouvez transf\u00e9rer dans une universit\u00e9 am\u00e9ricaine. Contactez-nous pour plus d'informations.<\/strong><\/p>\n\n\t\t<\/div>\n\t<\/div>\n<\/div><\/div><\/div><\/div><\/div><\/div><\/div><\/div><div class=\"vc_row-full-width vc_clearfix\"><\/div><!-- Row Backgrounds --><div class=\"upb_bg_img\" data-ultimate-bg=\"url(http:\/\/uniathletes.com\/wp-content\/uploads\/2019\/02\/UniAthletes-Sports-2.png)\" data-image-id=\"id^11756|url^http:\/\/uniathletes.com\/wp-content\/uploads\/2019\/02\/UniAthletes-Sports-2.png|caption^null|alt^null|title^UniAthletes - Sports 2|description^null\" data-ultimate-bg-style=\"vcpb-vz-jquery\" data-bg-img-repeat=\"repeat\" data-bg-img-size=\"cover\" data-bg-img-position=\"\" data-parallx_sense=\"30\" data-bg-override=\"0\" data-bg_img_attach=\"scroll\" data-upb-overlay-color=\"rgba(17,18,20,0.5)\" data-upb-bg-animation=\"\" data-fadeout=\"\" data-bg-animation=\"left-animation\" data-bg-animation-type=\"h\" data-animation-repeat=\"repeat\" data-fadeout-percentage=\"30\" data-parallax-content=\"\" data-parallax-content-sense=\"30\" data-row-effect-mobile-disable=\"true\" data-img-parallax-mobile-disable=\"true\" data-rtl=\"false\"  data-custom-vc-row=\"\"  data-vc=\"5.4.2\"  data-is_old_vc=\"\"  data-theme-support=\"\"   data-overlay=\"true\" data-overlay-color=\"rgba(17,18,20,0.5)\" data-overlay-pattern=\"\" data-overlay-pattern-opacity=\"0.8\" data-overlay-pattern-size=\"\" data-overlay-pattern-attachment=\"scroll\"    ><\/div><div class=\"vc_row wpb_row vc_row-fluid vc_custom_1549617532884 vc_column-gap-30\"><div class=\"wpb_column vc_column_container vc_col-sm-12\"><div class=\"vc_column-inner\"><div class=\"wpb_wrapper\">\n\t<div class=\"wpb_text_column wpb_content_element  vc_custom_1549636787817\" >\n\t\t<div class=\"wpb_wrapper\">\n\t\t\t<h2 style=\"text-align: center;\"><span style=\"color: #0d034a;\">\u00catre un \"student-athlete\"<br \/>\n<\/span><\/h2>\n\n\t\t<\/div>\n\t<\/div>\n<div class=\"vc_row wpb_row vc_inner vc_row-fluid\"><div class=\"wpb_column vc_column_container vc_col-sm-12 vc_col-lg-offset-1 vc_col-lg-10 vc_col-md-offset-1 vc_col-md-10\"><div class=\"vc_column-inner\"><div class=\"wpb_wrapper\">\n\t<div class=\"wpb_text_column wpb_content_element\" >\n\t\t<div class=\"wpb_wrapper\">\n\t\t\t<h4><span style=\"color: #0d034a;\">Un jour dans la vie<br \/>\n<\/span><\/h4>\n\n\t\t<\/div>\n\t<\/div>\n\n\t<div class=\"wpb_text_column wpb_content_element\" >\n\t\t<div class=\"wpb_wrapper\">\n\t\t\t<p>Les horaires des \u00e9tudiants-athl\u00e8tes diff\u00e8rent de ceux des \u00e9tudiants normaux, car ils doivent jongler entre les cours, le travail personnel, l'entra\u00eenement et les comp\u00e9titions. Gr\u00e2ce \u00e0 leur statut, ils ont la possibilit\u00e9 de choisir leurs classes avant les autres \u00e9tudiants afin d\u2019organiser leur emploi du temps en fonction de leurs obligations sportives.<\/p>\n\n\t\t<\/div>\n\t<\/div>\n\n\t<div class=\"wpb_text_column wpb_content_element\" >\n\t\t<div class=\"wpb_wrapper\">\n\t\t\t<h4><span style=\"color: #0d034a;\">Une journ\u00e9e type<br \/>\n<\/span><\/h4>\n\n\t\t<\/div>\n\t<\/div>\n\n\t<div class=\"wpb_text_column wpb_content_element\" >\n\t\t<div class=\"wpb_wrapper\">\n\t\t\t<p>Une journ\u00e9e type peut varier selon le sport, le moment de l\u2019ann\u00e9e et l\u2019universit\u00e9: certains sports n\u00e9cessiteront des entra\u00eenements le matin, d\u2019autres concentreront la majeure partie des entra\u00eenements l\u2019apr\u00e8s-midi:<\/p>\n<p><b>6:00: <\/b>Entra\u00eenement du matin<\/p>\n<p><b>8:00: <\/b>Petit d\u00e9jeuner<\/p>\n<p><b>9:00-13:00: <\/b>Cours<\/p>\n<p><b>13:30: <\/b>Repas de midi<\/p>\n<p><b>14:30-17:00: <\/b>Entra\u00eenement de l'apr\u00e8s-midi<\/p>\n<p><b>18:30: <\/b>D\u00eener<\/p>\n\n\t\t<\/div>\n\t<\/div>\n<\/div><\/div><\/div><\/div><\/div><\/div><\/div><\/div><div data-vc-full-width=\"true\" data-vc-full-width-init=\"false\" data-vc-stretch-content=\"true\" class=\"vc_row wpb_row vc_row-fluid vc_custom_1549377976056 vc_row-has-fill vc_row-no-padding\"><div class=\"wpb_column vc_column_container vc_col-sm-2\"><div class=\"vc_column-inner\"><div class=\"wpb_wrapper\"><\/div><\/div><\/div><div class=\"wpb_column vc_column_container vc_col-sm-4\"><div class=\"vc_column-inner\"><div class=\"wpb_wrapper\">\n\t<div  class=\"wpb_single_image wpb_content_element vc_align_center\">\n\t\t\n\t\t<figure class=\"wpb_wrapper vc_figure\">\n\t\t\t<a href=\"https:\/\/www.facebook.com\/UniAthletes\/\" target=\"_blank\" class=\"vc_single_image-wrapper   vc_box_border_grey\"><img width=\"48\" height=\"48\" src=\"http:\/\/uniathletes.com\/wp-content\/uploads\/2019\/02\/icons8-facebook-48.png\" class=\"vc_single_image-img attachment-large\" alt=\"\" loading=\"lazy\" \/><\/a>\n\t\t<\/figure>\n\t<\/div>\n<\/div><\/div><\/div><div class=\"wpb_column vc_column_container vc_col-sm-4\"><div class=\"vc_column-inner\"><div class=\"wpb_wrapper\">\n\t<div  class=\"wpb_single_image wpb_content_element vc_align_center\">\n\t\t\n\t\t<figure class=\"wpb_wrapper vc_figure\">\n\t\t\t<a href=\"https:\/\/www.instagram.com\/uniathletes\/\" target=\"_blank\" class=\"vc_single_image-wrapper   vc_box_border_grey\"><img width=\"48\" height=\"48\" src=\"http:\/\/uniathletes.com\/wp-content\/uploads\/2019\/02\/icons8-instagram-48.png\" class=\"vc_single_image-img attachment-large\" alt=\"\" loading=\"lazy\" \/><\/a>\n\t\t<\/figure>\n\t<\/div>\n<\/div><\/div><\/div><div class=\"wpb_column vc_column_container vc_col-sm-2\"><div class=\"vc_column-inner\"><div class=\"wpb_wrapper\"><\/div><\/div><\/div><\/div><div class=\"vc_row-full-width vc_clearfix\"><\/div><div data-vc-full-width=\"true\" data-vc-full-width-init=\"false\" class=\"vc_row wpb_row vc_row-fluid vc_custom_1549293541072 vc_row-has-fill\"><div class=\"wpb_column vc_column_container vc_col-sm-12\"><div class=\"vc_column-inner\"><div class=\"wpb_wrapper\"><div class=\"vc_row wpb_row vc_inner vc_row-fluid\"><div class=\"wpb_column vc_column_container vc_col-sm-12\"><div class=\"vc_column-inner\"><div class=\"wpb_wrapper\">\n\t<div class=\"wpb_text_column wpb_content_element  wpb_animate_when_almost_visible wpb_bottom-to-top bottom-to-top\" >\n\t\t<div class=\"wpb_wrapper\">\n\t\t\t<h2 style=\"text-align: center; font-size: 42px; color: #fff;\">Rejoignez-nous!<\/h2>\n\n\t\t<\/div>\n\t<\/div>\n\n\t<div class=\"wpb_text_column wpb_content_element  wpb_animate_when_almost_visible wpb_bottom-to-top bottom-to-top\" >\n\t\t<div class=\"wpb_wrapper\">\n\t\t\t<h4 style=\"color: #fff; font-weight: 400; line-height: 1.5; font-size: 26px; text-align: center;\">Pour plus d'informations ou pour postuler, contactez-nous ou remplissez le formulaire d'inscription.<\/h4>\n\n\t\t<\/div>\n\t<\/div>\n<div class=\"vc_custom_1549293988332 ubtn-ctn-center\"><a class=\"ubtn-link ult-adjust-bottom-margin ubtn-center ubtn-normal\" href=\"http:\/\/uniathletes.com\/fr\/contact\/\"><button type=\"button\" id=\"ubtn-3580\" class=\"ubtn ult-adjust-bottom-margin ult-responsive ubtn-normal ubtn-no-hover-bg  ulta-grow  ubtn-center   tooltip-69d28d1b8a043\"  data-hover=\"#0d034a\" data-border-color=\"\" data-bg=\"#ffffff\" data-hover-bg=\"#ffffff\" data-border-hover=\"\" data-shadow-hover=\"\" data-shadow-click=\"none\" data-shadow=\"\" data-shd-shadow=\"\"  data-ultimate-target='#ubtn-3580'  data-responsive-json-new='{\"font-size\":\"\",\"line-height\":\"\"}'  style=\"font-weight:bold;border:none;background: #ffffff;color: #0d034a;\"><span class=\"ubtn-hover\" style=\"background-color:#ffffff\"><\/span><span class=\"ubtn-data ubtn-text\" >Inscription<\/span><\/button><\/a><\/div><\/div><\/div><\/div><\/div><\/div><\/div><\/div><\/div><div class=\"vc_row-full-width vc_clearfix\"><\/div>","protected":false},"excerpt":{"rendered":"University sports in the US Story of university sports in the US Sports are rooted deep within the American culture, and is at the core of student life at university....","protected":false},"author":3,"featured_media":0,"parent":11602,"menu_order":0,"comment_status":"closed","ping_status":"closed","template":"","meta":{"_exactmetrics_skip_tracking":false,"_exactmetrics_sitenote_active":false,"_exactmetrics_sitenote_note":"","_exactmetrics_sitenote_category":0},"yoast_head":"<!-- This site is optimized with the Yoast SEO plugin v20.6 - https:\/\/yoast.com\/wordpress\/plugins\/seo\/ -->\n<title>Find Scholarship in the 24 Sports in the US | UniAthletes<\/title>\n<meta name=\"description\" content=\"We offer to find scholarship in the 24 sports offered by the NCAA (including football, tennis, golf, athletics, volleyball, athletics, swimming, basketball, gymnastics).\" \/>\n<meta name=\"robots\" content=\"index, follow, max-snippet:-1, max-image-preview:large, max-video-preview:-1\" \/>\n<link rel=\"canonical\" href=\"http:\/\/uniathletes.com\/fr\/service\/sports\/\" \/>\n<meta property=\"og:locale\" content=\"fr_FR\" \/>\n<meta property=\"og:type\" content=\"article\" \/>\n<meta property=\"og:title\" content=\"Find Scholarship in the 24 Sports in the US | UniAthletes\" \/>\n<meta property=\"og:description\" content=\"We offer to find scholarship in the 24 sports offered by the NCAA (including football, tennis, golf, athletics, volleyball, athletics, swimming, basketball, gymnastics).\" \/>\n<meta property=\"og:url\" content=\"http:\/\/uniathletes.com\/fr\/service\/sports\/\" \/>\n<meta property=\"og:site_name\" content=\"UniAthletes\" \/>\n<meta property=\"article:modified_time\" content=\"2019-03-17T12:08:11+00:00\" \/>\n<meta name=\"twitter:card\" content=\"summary_large_image\" \/>\n<meta name=\"twitter:label1\" content=\"Dur\u00e9e de lecture estim\u00e9e\" \/>\n\t<meta name=\"twitter:data1\" content=\"6 minutes\" \/>\n<script type=\"application\/ld+json\" class=\"yoast-schema-graph\">{\"@context\":\"https:\/\/schema.org\",\"@graph\":[{\"@type\":\"WebPage\",\"@id\":\"http:\/\/uniathletes.com\/service\/sports\/\",\"url\":\"http:\/\/uniathletes.com\/service\/sports\/\",\"name\":\"Find Scholarship in the 24 Sports in the US | UniAthletes\",\"isPartOf\":{\"@id\":\"http:\/\/uniathletes.com\/#website\"},\"datePublished\":\"2019-02-03T18:02:49+00:00\",\"dateModified\":\"2019-03-17T12:08:11+00:00\",\"description\":\"We offer to find scholarship in the 24 sports offered by the NCAA (including football, tennis, golf, athletics, volleyball, athletics, swimming, basketball, gymnastics).\",\"breadcrumb\":{\"@id\":\"http:\/\/uniathletes.com\/service\/sports\/#breadcrumb\"},\"inLanguage\":\"fr-FR\",\"potentialAction\":[{\"@type\":\"ReadAction\",\"target\":[\"http:\/\/uniathletes.com\/service\/sports\/\"]}]},{\"@type\":\"BreadcrumbList\",\"@id\":\"http:\/\/uniathletes.com\/service\/sports\/#breadcrumb\",\"itemListElement\":[{\"@type\":\"ListItem\",\"position\":1,\"name\":\"Home\",\"item\":\"http:\/\/uniathletes.com\/\"},{\"@type\":\"ListItem\",\"position\":2,\"name\":\"Project\",\"item\":\"http:\/\/uniathletes.com\/service\/\"},{\"@type\":\"ListItem\",\"position\":3,\"name\":\"Sports\"}]},{\"@type\":\"WebSite\",\"@id\":\"http:\/\/uniathletes.com\/#website\",\"url\":\"http:\/\/uniathletes.com\/\",\"name\":\"UniAthletes\",\"description\":\"UniAthletes\",\"publisher\":{\"@id\":\"http:\/\/uniathletes.com\/#organization\"},\"potentialAction\":[{\"@type\":\"SearchAction\",\"target\":{\"@type\":\"EntryPoint\",\"urlTemplate\":\"http:\/\/uniathletes.com\/?s={search_term_string}\"},\"query-input\":\"required name=search_term_string\"}],\"inLanguage\":\"fr-FR\"},{\"@type\":\"Organization\",\"@id\":\"http:\/\/uniathletes.com\/#organization\",\"name\":\"UniAthletes\",\"url\":\"http:\/\/uniathletes.com\/\",\"logo\":{\"@type\":\"ImageObject\",\"inLanguage\":\"fr-FR\",\"@id\":\"http:\/\/uniathletes.com\/#\/schema\/logo\/image\/\",\"url\":\"http:\/\/uniathletes.com\/wp-content\/uploads\/2019\/02\/UniAthletes-Logo-flag-horizontal-1.png\",\"contentUrl\":\"http:\/\/uniathletes.com\/wp-content\/uploads\/2019\/02\/UniAthletes-Logo-flag-horizontal-1.png\",\"width\":100,\"height\":34,\"caption\":\"UniAthletes\"},\"image\":{\"@id\":\"http:\/\/uniathletes.com\/#\/schema\/logo\/image\/\"}}]}<\/script>\n<!-- \/ Yoast SEO plugin. -->","yoast_head_json":{"title":"Find Scholarship in the 24 Sports in the US | UniAthletes","description":"We offer to find scholarship in the 24 sports offered by the NCAA (including football, tennis, golf, athletics, volleyball, athletics, swimming, basketball, gymnastics).","robots":{"index":"index","follow":"follow","max-snippet":"max-snippet:-1","max-image-preview":"max-image-preview:large","max-video-preview":"max-video-preview:-1"},"canonical":"http:\/\/uniathletes.com\/fr\/service\/sports\/","og_locale":"fr_FR","og_type":"article","og_title":"Find Scholarship in the 24 Sports in the US | UniAthletes","og_description":"We offer to find scholarship in the 24 sports offered by the NCAA (including football, tennis, golf, athletics, volleyball, athletics, swimming, basketball, gymnastics).","og_url":"http:\/\/uniathletes.com\/fr\/service\/sports\/","og_site_name":"UniAthletes","article_modified_time":"2019-03-17T12:08:11+00:00","twitter_card":"summary_large_image","twitter_misc":{"Dur\u00e9e de lecture estim\u00e9e":"6 minutes"},"schema":{"@context":"https:\/\/schema.org","@graph":[{"@type":"WebPage","@id":"http:\/\/uniathletes.com\/service\/sports\/","url":"http:\/\/uniathletes.com\/service\/sports\/","name":"Find Scholarship in the 24 Sports in the US | UniAthletes","isPartOf":{"@id":"http:\/\/uniathletes.com\/#website"},"datePublished":"2019-02-03T18:02:49+00:00","dateModified":"2019-03-17T12:08:11+00:00","description":"We offer to find scholarship in the 24 sports offered by the NCAA (including football, tennis, golf, athletics, volleyball, athletics, swimming, basketball, gymnastics).","breadcrumb":{"@id":"http:\/\/uniathletes.com\/service\/sports\/#breadcrumb"},"inLanguage":"fr-FR","potentialAction":[{"@type":"ReadAction","target":["http:\/\/uniathletes.com\/service\/sports\/"]}]},{"@type":"BreadcrumbList","@id":"http:\/\/uniathletes.com\/service\/sports\/#breadcrumb","itemListElement":[{"@type":"ListItem","position":1,"name":"Home","item":"http:\/\/uniathletes.com\/"},{"@type":"ListItem","position":2,"name":"Project","item":"http:\/\/uniathletes.com\/service\/"},{"@type":"ListItem","position":3,"name":"Sports"}]},{"@type":"WebSite","@id":"http:\/\/uniathletes.com\/#website","url":"http:\/\/uniathletes.com\/","name":"UniAthletes","description":"UniAthletes","publisher":{"@id":"http:\/\/uniathletes.com\/#organization"},"potentialAction":[{"@type":"SearchAction","target":{"@type":"EntryPoint","urlTemplate":"http:\/\/uniathletes.com\/?s={search_term_string}"},"query-input":"required name=search_term_string"}],"inLanguage":"fr-FR"},{"@type":"Organization","@id":"http:\/\/uniathletes.com\/#organization","name":"UniAthletes","url":"http:\/\/uniathletes.com\/","logo":{"@type":"ImageObject","inLanguage":"fr-FR","@id":"http:\/\/uniathletes.com\/#\/schema\/logo\/image\/","url":"http:\/\/uniathletes.com\/wp-content\/uploads\/2019\/02\/UniAthletes-Logo-flag-horizontal-1.png","contentUrl":"http:\/\/uniathletes.com\/wp-content\/uploads\/2019\/02\/UniAthletes-Logo-flag-horizontal-1.png","width":100,"height":34,"caption":"UniAthletes"},"image":{"@id":"http:\/\/uniathletes.com\/#\/schema\/logo\/image\/"}}]}},"_links":{"self":[{"href":"http:\/\/uniathletes.com\/fr\/wp-json\/wp\/v2\/pages\/11558"}],"collection":[{"href":"http:\/\/uniathletes.com\/fr\/wp-json\/wp\/v2\/pages"}],"about":[{"href":"http:\/\/uniathletes.com\/fr\/wp-json\/wp\/v2\/types\/page"}],"author":[{"embeddable":true,"href":"http:\/\/uniathletes.com\/fr\/wp-json\/wp\/v2\/users\/3"}],"replies":[{"embeddable":true,"href":"http:\/\/uniathletes.com\/fr\/wp-json\/wp\/v2\/comments?post=11558"}],"version-history":[{"count":15,"href":"http:\/\/uniathletes.com\/fr\/wp-json\/wp\/v2\/pages\/11558\/revisions"}],"predecessor-version":[{"id":11895,"href":"http:\/\/uniathletes.com\/fr\/wp-json\/wp\/v2\/pages\/11558\/revisions\/11895"}],"up":[{"embeddable":true,"href":"http:\/\/uniathletes.com\/fr\/wp-json\/wp\/v2\/pages\/11602"}],"wp:attachment":[{"href":"http:\/\/uniathletes.com\/fr\/wp-json\/wp\/v2\/media?parent=11558"}],"curies":[{"name":"wp","href":"https:\/\/api.w.org\/{rel}","templated":true}]}}