{"id":11866,"date":"2019-02-13T15:06:38","date_gmt":"2019-02-13T15:06:38","guid":{"rendered":"http:\/\/uniathletes.com\/?page_id=11866"},"modified":"2019-03-17T12:19:45","modified_gmt":"2019-03-17T12:19:45","slug":"athletics","status":"publish","type":"page","link":"http:\/\/uniathletes.com\/fr\/service\/sports\/athletics\/","title":{"rendered":"Athl\u00e9tisme"},"content":{"rendered":"<div class=\"vc_row wpb_row vc_row-fluid vc_custom_1550070637467 vc_row-o-full-height vc_row-o-columns-middle vc_row-o-content-middle vc_row-flex\"><div class=\"wpb_column vc_column_container vc_col-sm-12\"><div class=\"vc_column-inner\"><div class=\"wpb_wrapper\"><\/div><\/div><\/div><\/div><!-- Row Backgrounds --><div class=\"upb_content_iframe\" data-controls=\"\" data-viewport-video=\"false\" data-ultimate-video=\"https:\/\/www.youtube.com\/watch?v=gnYrftI4JK0&amp;feature=youtu.be\" data-bg-override=\"full\" data-start-time=\"\" data-stop-time=\"\" data-ultimate-video-muted=\"muted\" data-ultimate-video-loop=\"loop\" data-ultimate-video-poster=\"\" data-upb-overlay-color=\"rgba(0,0,0,0.3)\" data-upb-bg-animation=\"\" data-fadeout=\"\" data-fadeout-percentage=\"30\"  data-parallax-content=\"\" data-parallax-content-sense=\"30\" data-row-effect-mobile-disable=\"true\" data-img-parallax-mobile-disable=\"true\" data-rtl=\"false\"  data-custom-vc-row=\"\"  data-vc=\"5.4.2\"  data-is_old_vc=\"\"  data-theme-support=\"\"   data-overlay=\"true\" data-overlay-color=\"rgba(0,0,0,0.3)\" data-overlay-pattern=\"\" data-overlay-pattern-opacity=\"0.8\" data-overlay-pattern-size=\"\" data-overlay-pattern-attachment=\"scroll\"     data-video_fixer=\"true\"><\/div><div class=\"vc_row wpb_row vc_row-fluid vc_custom_1550070764638 vc_column-gap-30\"><div class=\"wpb_column vc_column_container vc_col-sm-12\"><div class=\"vc_column-inner\"><div class=\"wpb_wrapper\">\n\t<div class=\"wpb_text_column wpb_content_element\" >\n\t\t<div class=\"wpb_wrapper\">\n\t\t\t<h2 style=\"text-align: center;\"><span style=\"color: #0d034a;\">Athl\u00e9tisme<br \/>\n<\/span><\/h2>\n\n\t\t<\/div>\n\t<\/div>\n<div class=\"vc_row wpb_row vc_inner vc_row-fluid\"><div class=\"wpb_column vc_column_container vc_col-sm-3\"><div class=\"vc_column-inner\"><div class=\"wpb_wrapper\">\n\t<div class=\"wpb_text_column wpb_content_element\" >\n\t\t<div class=\"wpb_wrapper\">\n\t\t\t<h3><span style=\"color: #0d034a;\">Description<br \/>\n<\/span><\/h3>\n\n\t\t<\/div>\n\t<\/div>\n<\/div><\/div><\/div><div class=\"wpb_column vc_column_container vc_col-sm-9\"><div class=\"vc_column-inner\"><div class=\"wpb_wrapper\">\n\t<div class=\"wpb_text_column wpb_content_element  wpb_animate_when_almost_visible wpb_bottom-to-top bottom-to-top\" >\n\t\t<div class=\"wpb_wrapper\">\n\t\t\t<p>L'athl\u00e9tisme est l'un des sports les plus importants en nombre de participants \u00e0 l'universit\u00e9 aux \u00c9tats-Unis. Au sein de diverses organisations et divisions sportives, les athl\u00e8tes participent non seulement \u00e0 l\u2019athl\u00e9tisme en ext\u00e9rieur, mais aussi en salle et au cross-country. Plus un athl\u00e8te est complet et peut faire d'\u00e9preuves, plus les chances d'obtenir des bourses d'\u00e9tudes sont \u00e9lev\u00e9es. Ce sport est \u00e9galement l\u2019un des plus d\u00e9velopp\u00e9s par les universit\u00e9s am\u00e9ricaines en terme d'infrastructures: des installations int\u00e9rieures et ext\u00e9rieures de classe mondiale, des \u00e9quipements sportifs de qualit\u00e9, des entra\u00eeneurs et un suivi m\u00e9dical complet. Au plus haut niveau du sport universitaire, la division 1 de la NCAA, 20 membres de la derni\u00e8re \u00e9quipe d\u2019athl\u00e9tisme olympique des \u00c9tats-Unis \u00e9taient toujours en comp\u00e9tition au niveau universitaire.<\/p>\n\n\t\t<\/div>\n\t<\/div>\n<\/div><\/div><\/div><\/div><\/div><\/div><\/div><\/div><div class=\"vc_row wpb_row vc_row-fluid\"><div class=\"wpb_column vc_column_container vc_col-sm-2\"><div class=\"vc_column-inner\"><div class=\"wpb_wrapper\"><\/div><\/div><\/div><div class=\"wpb_column vc_column_container vc_col-sm-3\"><div class=\"vc_column-inner\"><div class=\"wpb_wrapper\">\n\t<div class=\"wpb_text_column wpb_content_element  vc_custom_1550069282953\" >\n\t\t<div class=\"wpb_wrapper\">\n\t\t\t<h6>Pour qui?<\/h6>\n<p>Les sportifs entre 18 et 24 ans, nous vous recommandons donc de commencer le processus l'ann\u00e9e pr\u00e9c\u00e9dant l'obtention de votre dipl\u00f4me d'\u00e9tudes secondaires.<\/p>\n\n\t\t<\/div>\n\t<\/div>\n\n\t<div class=\"wpb_text_column wpb_content_element\" >\n\t\t<div class=\"wpb_wrapper\">\n\t\t\t<h6>Quel niveau?<\/h6>\n<p>Les bourses d\u2019athl\u00e9tisme sont tr\u00e8s nombreuses, il existe donc des bourses pour les niveaux r\u00e9gional et international.<\/p>\n\n\t\t<\/div>\n\t<\/div>\n<\/div><\/div><\/div><div class=\"wpb_column vc_column_container vc_col-sm-2\"><div class=\"vc_column-inner\"><div class=\"wpb_wrapper\"><\/div><\/div><\/div><div class=\"wpb_column vc_column_container vc_col-sm-3\"><div class=\"vc_column-inner\"><div class=\"wpb_wrapper\">\n\t<div class=\"wpb_text_column wpb_content_element  vc_custom_1550069291219\" >\n\t\t<div class=\"wpb_wrapper\">\n\t\t\t<h6>Quand commencer?<\/h6>\n<p>Les entra\u00eeneurs commencent \u00e0 recruter des sportifs bien \u00e0 l'avance, nous vous recommandons donc de commencer les d\u00e9marches un an avant la fin de vos \u00e9tudes secondaires.<\/p>\n\n\t\t<\/div>\n\t<\/div>\n\n\t<div class=\"wpb_text_column wpb_content_element\" >\n\t\t<div class=\"wpb_wrapper\">\n\t\t\t<h6>Quel type de bourse?<\/h6>\n<p>Les athl\u00e8tes de niveau national et international ont de plus grandes chances d\u2019obtenir des bourses \u00e0 100%, mais il existe aussi des possibilit\u00e9s pour les athl\u00e8tes de niveau r\u00e9gional.<\/p>\n\n\t\t<\/div>\n\t<\/div>\n<\/div><\/div><\/div><div class=\"wpb_column vc_column_container vc_col-sm-2\"><div class=\"vc_column-inner\"><div class=\"wpb_wrapper\"><\/div><\/div><\/div><\/div><div data-vc-full-width=\"true\" data-vc-full-width-init=\"false\" class=\"vc_row wpb_row vc_row-fluid vc_custom_1550069934361\"><div class=\"wpb_column vc_column_container vc_col-sm-12\"><div class=\"vc_column-inner\"><div class=\"wpb_wrapper\"><div class=\"vc_empty_space\"   style=\"height: 500px\" ><span class=\"vc_empty_space_inner\"><\/span><\/div>\n<\/div><\/div><\/div><\/div><div class=\"vc_row-full-width vc_clearfix\"><\/div><!-- Row Backgrounds --><div class=\"upb_bg_img\" data-ultimate-bg=\"url(http:\/\/uniathletes.com\/wp-content\/uploads\/2019\/02\/UniAthletes-Home-2-1.jpg)\" data-image-id=\"id^11691|url^http:\/\/uniathletes.com\/wp-content\/uploads\/2019\/02\/UniAthletes-Home-2-1.jpg|caption^null|alt^null|title^UniAthletes - Home 2|description^null\" data-ultimate-bg-style=\"vcpb-vz-jquery\" data-bg-img-repeat=\"repeat\" data-bg-img-size=\"cover\" data-bg-img-position=\"\" data-parallx_sense=\"30\" data-bg-override=\"0\" data-bg_img_attach=\"scroll\" data-upb-overlay-color=\"rgba(32,35,38,0.35)\" data-upb-bg-animation=\"\" data-fadeout=\"\" data-bg-animation=\"left-animation\" data-bg-animation-type=\"h\" data-animation-repeat=\"repeat\" data-fadeout-percentage=\"30\" data-parallax-content=\"\" data-parallax-content-sense=\"30\" data-row-effect-mobile-disable=\"true\" data-img-parallax-mobile-disable=\"true\" data-rtl=\"false\"  data-custom-vc-row=\"\"  data-vc=\"5.4.2\"  data-is_old_vc=\"\"  data-theme-support=\"\"   data-overlay=\"true\" data-overlay-color=\"rgba(32,35,38,0.35)\" data-overlay-pattern=\"\" data-overlay-pattern-opacity=\"0.8\" data-overlay-pattern-size=\"\" data-overlay-pattern-attachment=\"scroll\"    ><\/div><div class=\"vc_row wpb_row vc_row-fluid vc_custom_1550070095203 vc_column-gap-30\"><div class=\"wpb_column vc_column_container vc_col-sm-12\"><div class=\"vc_column-inner\"><div class=\"wpb_wrapper\"><div class=\"vc_row wpb_row vc_inner vc_row-fluid\"><div class=\"wpb_column vc_column_container vc_col-sm-3\"><div class=\"vc_column-inner\"><div class=\"wpb_wrapper\">\n\t<div class=\"wpb_text_column wpb_content_element\" >\n\t\t<div class=\"wpb_wrapper\">\n\t\t\t<h3><span style=\"color: #0d034a;\">Entra\u00eenement et vie \u00e9tudiante<br \/>\n<\/span><\/h3>\n\n\t\t<\/div>\n\t<\/div>\n<\/div><\/div><\/div><div class=\"wpb_column vc_column_container vc_col-sm-9\"><div class=\"vc_column-inner\"><div class=\"wpb_wrapper\">\n\t<div class=\"wpb_text_column wpb_content_element  wpb_animate_when_almost_visible wpb_bottom-to-top bottom-to-top\" >\n\t\t<div class=\"wpb_wrapper\">\n\t\t\t<p>Au niveau universitaire, vous vous entra\u00eenerez g\u00e9n\u00e9ralement tous les jours avec l'\u00e9quipe. En fonction de la division dans laquelle vous concourrez, vous devrez peut-\u00eatre effectuer plus d'entra\u00eenements pour vous concentrer \u00e0 la fois sur vos comp\u00e9tences techniques et des entra\u00eenements de force et conditionnement physique dans la salle de musculation . Au d\u00e9but, vous n\u2019\u00eates peut-\u00eatre pas habitu\u00e9 \u00e0 ce genre d'entra\u00eenement intense, mais ce n\u2019est qu\u2019une question de temps pour s'habituer et vous verrez alors une belle progression au niveau de la performance!<\/p>\n<p>Votre saison sportive commence en ao\u00fbt avec l'ann\u00e9e universitaire et se termine avec les championnats nationaux de toutes les divisions qui ont lieu en mars et mai.<\/p>\n<p>Les universit\u00e9s offrent de nombreux services qui vous aideront tout au long de votre saison. Vous aurez tout ce dont vous avez besoin pour performer au mieux.<br \/>\nLa vie d'un \u00e9tudiant-athl\u00e8te ne consiste pas seulement \u00e0 s'entra\u00eener et \u00e0 \u00e9tudier, vous ferez partie d'une \u00e9quipe et vous participerez \u00e0 de nombreuses activit\u00e9s extra scolaires avec eux, cr\u00e9ant ainsi des liens qui dureront pour toujours.<\/p>\n\n\t\t<\/div>\n\t<\/div>\n<\/div><\/div><\/div><\/div><\/div><\/div><\/div><\/div><div class=\"vc_row wpb_row vc_row-fluid vc_custom_1550070081331 vc_column-gap-30\"><div class=\"wpb_column vc_column_container vc_col-sm-12\"><div class=\"vc_column-inner\"><div class=\"wpb_wrapper\">\n\t<div class=\"wpb_text_column wpb_content_element\" >\n\t\t<div class=\"wpb_wrapper\">\n\t\t\t<h2 style=\"text-align: center;\"><span style=\"color: #0d034a;\">Divisions<\/span><\/h2>\n\n\t\t<\/div>\n\t<\/div>\n\n\t<div class=\"wpb_text_column wpb_content_element  vc_custom_1550070305022\" >\n\t\t<div class=\"wpb_wrapper\">\n\t\t\t<p style=\"text-align: center;\"><span style=\"color: #eee;\"><span style=\"color: #999999;\">Voici plus d'informations sur toutes les divisions<\/span><br \/>\n<\/span><\/p>\n\n\t\t<\/div>\n\t<\/div>\n<div class=\"vc_row wpb_row vc_inner vc_row-fluid\"><div class=\"wpb_column vc_column_container vc_col-sm-3\"><div class=\"vc_column-inner\"><div class=\"wpb_wrapper\">\n\t<div class=\"wpb_text_column wpb_content_element\" >\n\t\t<div class=\"wpb_wrapper\">\n\t\t\t<h5 style=\"text-align: center;\"><span style=\"color: #0d034a;\">NCAA D1<br \/>\n<\/span><\/h5>\n\n\t\t<\/div>\n\t<\/div>\n\n\t<div class=\"wpb_text_column wpb_content_element  wpb_animate_when_almost_visible wpb_bottom-to-top bottom-to-top\" >\n\t\t<div class=\"wpb_wrapper\">\n\t\t\t<p style=\"text-align: center;\">Universit\u00e9s: 323<\/p>\n<p style=\"text-align: center;\">12.6 bourses pour l'\u00e9quipe masculine<\/p>\n<p style=\"text-align: center;\">18.0 bourses pour l'\u00e9quipe f\u00e9minine<\/p>\n\n\t\t<\/div>\n\t<\/div>\n<\/div><\/div><\/div><div class=\"wpb_column vc_column_container vc_col-sm-3\"><div class=\"vc_column-inner\"><div class=\"wpb_wrapper\">\n\t<div class=\"wpb_text_column wpb_content_element\" >\n\t\t<div class=\"wpb_wrapper\">\n\t\t\t<h5 style=\"text-align: center;\"><span style=\"color: #0d034a;\">NCAA D2<\/span><\/h5>\n\n\t\t<\/div>\n\t<\/div>\n\n\t<div class=\"wpb_text_column wpb_content_element  wpb_animate_when_almost_visible wpb_bottom-to-top bottom-to-top\" >\n\t\t<div class=\"wpb_wrapper\">\n\t\t\t<p style=\"text-align: center;\">Universit\u00e9s: 196<\/p>\n<p style=\"text-align: center;\">12.6 bourses pour l'\u00e9quipe masculine<\/p>\n<p style=\"text-align: center;\">18.0 bourses pour l'\u00e9quipe f\u00e9minine<\/p>\n\n\t\t<\/div>\n\t<\/div>\n<\/div><\/div><\/div><div class=\"wpb_column vc_column_container vc_col-sm-3\"><div class=\"vc_column-inner\"><div class=\"wpb_wrapper\">\n\t<div class=\"wpb_text_column wpb_content_element\" >\n\t\t<div class=\"wpb_wrapper\">\n\t\t\t<h5 style=\"text-align: center;\"><span style=\"color: #0d034a;\">NAIA<br \/>\n<\/span><\/h5>\n\n\t\t<\/div>\n\t<\/div>\n\n\t<div class=\"wpb_text_column wpb_content_element  wpb_animate_when_almost_visible wpb_bottom-to-top bottom-to-top\" >\n\t\t<div class=\"wpb_wrapper\">\n\t\t\t<p style=\"text-align: center;\">Universit\u00e9s: 151<\/p>\n<p style=\"text-align: center;\">12.0 bourses pour l'\u00e9quipe masculine<\/p>\n<p style=\"text-align: center;\">12.0 bourses pour l'\u00e9quipe f\u00e9minine<\/p>\n\n\t\t<\/div>\n\t<\/div>\n<\/div><\/div><\/div><div class=\"wpb_column vc_column_container vc_col-sm-3\"><div class=\"vc_column-inner\"><div class=\"wpb_wrapper\">\n\t<div class=\"wpb_text_column wpb_content_element\" >\n\t\t<div class=\"wpb_wrapper\">\n\t\t\t<h5 style=\"text-align: center;\"><span style=\"color: #0d034a;\">NJCAA<br \/>\n<\/span><\/h5>\n\n\t\t<\/div>\n\t<\/div>\n\n\t<div class=\"wpb_text_column wpb_content_element  wpb_animate_when_almost_visible wpb_bottom-to-top bottom-to-top\" >\n\t\t<div class=\"wpb_wrapper\">\n\t\t\t<p style=\"text-align: center;\">Universit\u00e9s: 73<\/p>\n<p style=\"text-align: center;\">20.0 bourses pour l'\u00e9quipe masculine<\/p>\n<p style=\"text-align: center;\">20.0 bourses pour l'\u00e9quipe f\u00e9minine<\/p>\n\n\t\t<\/div>\n\t<\/div>\n<\/div><\/div><\/div><\/div><\/div><\/div><\/div><\/div><div data-vc-full-width=\"true\" data-vc-full-width-init=\"false\" data-vc-stretch-content=\"true\" class=\"vc_row wpb_row vc_row-fluid vc_custom_1549377976056 vc_row-has-fill vc_row-no-padding\"><div class=\"wpb_column vc_column_container vc_col-sm-2\"><div class=\"vc_column-inner\"><div class=\"wpb_wrapper\"><\/div><\/div><\/div><div class=\"wpb_column vc_column_container vc_col-sm-4\"><div class=\"vc_column-inner\"><div class=\"wpb_wrapper\">\n\t<div  class=\"wpb_single_image wpb_content_element vc_align_center\">\n\t\t\n\t\t<figure class=\"wpb_wrapper vc_figure\">\n\t\t\t<a href=\"https:\/\/www.facebook.com\/UniAthletes\/\" target=\"_blank\" class=\"vc_single_image-wrapper   vc_box_border_grey\"><img width=\"48\" height=\"48\" src=\"http:\/\/uniathletes.com\/wp-content\/uploads\/2019\/02\/icons8-facebook-48.png\" class=\"vc_single_image-img attachment-large\" alt=\"\" loading=\"lazy\" \/><\/a>\n\t\t<\/figure>\n\t<\/div>\n<\/div><\/div><\/div><div class=\"wpb_column vc_column_container vc_col-sm-4\"><div class=\"vc_column-inner\"><div class=\"wpb_wrapper\">\n\t<div  class=\"wpb_single_image wpb_content_element vc_align_center\">\n\t\t\n\t\t<figure class=\"wpb_wrapper vc_figure\">\n\t\t\t<a href=\"https:\/\/www.instagram.com\/uniathletes\/\" target=\"_blank\" class=\"vc_single_image-wrapper   vc_box_border_grey\"><img width=\"48\" height=\"48\" src=\"http:\/\/uniathletes.com\/wp-content\/uploads\/2019\/02\/icons8-instagram-48.png\" class=\"vc_single_image-img attachment-large\" alt=\"\" loading=\"lazy\" \/><\/a>\n\t\t<\/figure>\n\t<\/div>\n<\/div><\/div><\/div><div class=\"wpb_column vc_column_container vc_col-sm-2\"><div class=\"vc_column-inner\"><div class=\"wpb_wrapper\"><\/div><\/div><\/div><\/div><div class=\"vc_row-full-width vc_clearfix\"><\/div><div data-vc-full-width=\"true\" data-vc-full-width-init=\"false\" class=\"vc_row wpb_row vc_row-fluid vc_custom_1549293541072 vc_row-has-fill\"><div class=\"wpb_column vc_column_container vc_col-sm-12\"><div class=\"vc_column-inner\"><div class=\"wpb_wrapper\"><div class=\"vc_row wpb_row vc_inner vc_row-fluid\"><div class=\"wpb_column vc_column_container vc_col-sm-12\"><div class=\"vc_column-inner\"><div class=\"wpb_wrapper\">\n\t<div class=\"wpb_text_column wpb_content_element  wpb_animate_when_almost_visible wpb_bottom-to-top bottom-to-top\" >\n\t\t<div class=\"wpb_wrapper\">\n\t\t\t<h2 style=\"text-align: center; font-size: 42px; color: #fff;\">Rejoignez-nous!<\/h2>\n\n\t\t<\/div>\n\t<\/div>\n\n\t<div class=\"wpb_text_column wpb_content_element  wpb_animate_when_almost_visible wpb_bottom-to-top bottom-to-top\" >\n\t\t<div class=\"wpb_wrapper\">\n\t\t\t<h4 style=\"color: #fff; font-weight: 400; line-height: 1.5; font-size: 26px; text-align: center;\">Pour plus d'informations ou pour postuler, contactez-nous ou remplissez le formulaire d'inscription.<\/h4>\n\n\t\t<\/div>\n\t<\/div>\n<div class=\"vc_custom_1549293988332 ubtn-ctn-center\"><a class=\"ubtn-link ult-adjust-bottom-margin ubtn-center ubtn-normal\" href=\"http:\/\/uniathletes.com\/fr\/contact\/\"><button type=\"button\" id=\"ubtn-2757\" class=\"ubtn ult-adjust-bottom-margin ult-responsive ubtn-normal ubtn-no-hover-bg  ulta-grow  ubtn-center   tooltip-69d28bd25530d\"  data-hover=\"#0d034a\" data-border-color=\"\" data-bg=\"#ffffff\" data-hover-bg=\"#ffffff\" data-border-hover=\"\" data-shadow-hover=\"\" data-shadow-click=\"none\" data-shadow=\"\" data-shd-shadow=\"\"  data-ultimate-target='#ubtn-2757'  data-responsive-json-new='{\"font-size\":\"\",\"line-height\":\"\"}'  style=\"font-weight:bold;border:none;background: #ffffff;color: #0d034a;\"><span class=\"ubtn-hover\" style=\"background-color:#ffffff\"><\/span><span class=\"ubtn-data ubtn-text\" >Inscription<\/span><\/button><\/a><\/div><\/div><\/div><\/div><\/div><\/div><\/div><\/div><\/div><div class=\"vc_row-full-width vc_clearfix\"><\/div>","protected":false},"excerpt":{"rendered":"Track &amp; Field Description Athletics, or track and field, is one of the largest sports by participation numbers in college in the US. Across various athletic organisations and divisions, not...","protected":false},"author":3,"featured_media":0,"parent":11558,"menu_order":0,"comment_status":"closed","ping_status":"closed","template":"","meta":{"_exactmetrics_skip_tracking":false,"_exactmetrics_sitenote_active":false,"_exactmetrics_sitenote_note":"","_exactmetrics_sitenote_category":0},"yoast_head":"<!-- This site is optimized with the Yoast SEO plugin v20.6 - https:\/\/yoast.com\/wordpress\/plugins\/seo\/ -->\n<title>Athletics\/Track &amp; Field Scholarship in the US | UniAthletes<\/title>\n<meta name=\"description\" content=\"Athletics\/Track &amp; Field Scholarship in the US. Athletics, or track and field, is one of the largest sports by participation numbers in college in the US.\" \/>\n<meta name=\"robots\" content=\"index, follow, max-snippet:-1, max-image-preview:large, max-video-preview:-1\" \/>\n<link rel=\"canonical\" href=\"http:\/\/uniathletes.com\/fr\/service\/sports\/athletics\/\" \/>\n<meta property=\"og:locale\" content=\"fr_FR\" \/>\n<meta property=\"og:type\" content=\"article\" \/>\n<meta property=\"og:title\" content=\"Athletics\/Track &amp; Field Scholarship in the US | UniAthletes\" \/>\n<meta property=\"og:description\" content=\"Athletics\/Track &amp; Field Scholarship in the US. Athletics, or track and field, is one of the largest sports by participation numbers in college in the US.\" \/>\n<meta property=\"og:url\" content=\"http:\/\/uniathletes.com\/fr\/service\/sports\/athletics\/\" \/>\n<meta property=\"og:site_name\" content=\"UniAthletes\" \/>\n<meta property=\"article:modified_time\" content=\"2019-03-17T12:19:45+00:00\" \/>\n<meta name=\"twitter:card\" content=\"summary_large_image\" \/>\n<meta name=\"twitter:label1\" content=\"Dur\u00e9e de lecture estim\u00e9e\" \/>\n\t<meta name=\"twitter:data1\" content=\"5 minutes\" \/>\n<script type=\"application\/ld+json\" class=\"yoast-schema-graph\">{\"@context\":\"https:\/\/schema.org\",\"@graph\":[{\"@type\":\"WebPage\",\"@id\":\"http:\/\/uniathletes.com\/service\/sports\/athletics\/\",\"url\":\"http:\/\/uniathletes.com\/service\/sports\/athletics\/\",\"name\":\"Athletics\/Track & Field Scholarship in the US | UniAthletes\",\"isPartOf\":{\"@id\":\"http:\/\/uniathletes.com\/#website\"},\"datePublished\":\"2019-02-13T15:06:38+00:00\",\"dateModified\":\"2019-03-17T12:19:45+00:00\",\"description\":\"Athletics\/Track & Field Scholarship in the US. Athletics, or track and field, is one of the largest sports by participation numbers in college in the US.\",\"breadcrumb\":{\"@id\":\"http:\/\/uniathletes.com\/service\/sports\/athletics\/#breadcrumb\"},\"inLanguage\":\"fr-FR\",\"potentialAction\":[{\"@type\":\"ReadAction\",\"target\":[\"http:\/\/uniathletes.com\/service\/sports\/athletics\/\"]}]},{\"@type\":\"BreadcrumbList\",\"@id\":\"http:\/\/uniathletes.com\/service\/sports\/athletics\/#breadcrumb\",\"itemListElement\":[{\"@type\":\"ListItem\",\"position\":1,\"name\":\"Home\",\"item\":\"http:\/\/uniathletes.com\/\"},{\"@type\":\"ListItem\",\"position\":2,\"name\":\"Project\",\"item\":\"http:\/\/uniathletes.com\/service\/\"},{\"@type\":\"ListItem\",\"position\":3,\"name\":\"Sports\",\"item\":\"http:\/\/uniathletes.com\/service\/sports\/\"},{\"@type\":\"ListItem\",\"position\":4,\"name\":\"Track &#038; Field\"}]},{\"@type\":\"WebSite\",\"@id\":\"http:\/\/uniathletes.com\/#website\",\"url\":\"http:\/\/uniathletes.com\/\",\"name\":\"UniAthletes\",\"description\":\"UniAthletes\",\"publisher\":{\"@id\":\"http:\/\/uniathletes.com\/#organization\"},\"potentialAction\":[{\"@type\":\"SearchAction\",\"target\":{\"@type\":\"EntryPoint\",\"urlTemplate\":\"http:\/\/uniathletes.com\/?s={search_term_string}\"},\"query-input\":\"required name=search_term_string\"}],\"inLanguage\":\"fr-FR\"},{\"@type\":\"Organization\",\"@id\":\"http:\/\/uniathletes.com\/#organization\",\"name\":\"UniAthletes\",\"url\":\"http:\/\/uniathletes.com\/\",\"logo\":{\"@type\":\"ImageObject\",\"inLanguage\":\"fr-FR\",\"@id\":\"http:\/\/uniathletes.com\/#\/schema\/logo\/image\/\",\"url\":\"http:\/\/uniathletes.com\/wp-content\/uploads\/2019\/02\/UniAthletes-Logo-flag-horizontal-1.png\",\"contentUrl\":\"http:\/\/uniathletes.com\/wp-content\/uploads\/2019\/02\/UniAthletes-Logo-flag-horizontal-1.png\",\"width\":100,\"height\":34,\"caption\":\"UniAthletes\"},\"image\":{\"@id\":\"http:\/\/uniathletes.com\/#\/schema\/logo\/image\/\"}}]}<\/script>\n<!-- \/ Yoast SEO plugin. -->","yoast_head_json":{"title":"Athletics\/Track & Field Scholarship in the US | UniAthletes","description":"Athletics\/Track & Field Scholarship in the US. Athletics, or track and field, is one of the largest sports by participation numbers in college in the US.","robots":{"index":"index","follow":"follow","max-snippet":"max-snippet:-1","max-image-preview":"max-image-preview:large","max-video-preview":"max-video-preview:-1"},"canonical":"http:\/\/uniathletes.com\/fr\/service\/sports\/athletics\/","og_locale":"fr_FR","og_type":"article","og_title":"Athletics\/Track & Field Scholarship in the US | UniAthletes","og_description":"Athletics\/Track & Field Scholarship in the US. Athletics, or track and field, is one of the largest sports by participation numbers in college in the US.","og_url":"http:\/\/uniathletes.com\/fr\/service\/sports\/athletics\/","og_site_name":"UniAthletes","article_modified_time":"2019-03-17T12:19:45+00:00","twitter_card":"summary_large_image","twitter_misc":{"Dur\u00e9e de lecture estim\u00e9e":"5 minutes"},"schema":{"@context":"https:\/\/schema.org","@graph":[{"@type":"WebPage","@id":"http:\/\/uniathletes.com\/service\/sports\/athletics\/","url":"http:\/\/uniathletes.com\/service\/sports\/athletics\/","name":"Athletics\/Track & Field Scholarship in the US | UniAthletes","isPartOf":{"@id":"http:\/\/uniathletes.com\/#website"},"datePublished":"2019-02-13T15:06:38+00:00","dateModified":"2019-03-17T12:19:45+00:00","description":"Athletics\/Track & Field Scholarship in the US. Athletics, or track and field, is one of the largest sports by participation numbers in college in the US.","breadcrumb":{"@id":"http:\/\/uniathletes.com\/service\/sports\/athletics\/#breadcrumb"},"inLanguage":"fr-FR","potentialAction":[{"@type":"ReadAction","target":["http:\/\/uniathletes.com\/service\/sports\/athletics\/"]}]},{"@type":"BreadcrumbList","@id":"http:\/\/uniathletes.com\/service\/sports\/athletics\/#breadcrumb","itemListElement":[{"@type":"ListItem","position":1,"name":"Home","item":"http:\/\/uniathletes.com\/"},{"@type":"ListItem","position":2,"name":"Project","item":"http:\/\/uniathletes.com\/service\/"},{"@type":"ListItem","position":3,"name":"Sports","item":"http:\/\/uniathletes.com\/service\/sports\/"},{"@type":"ListItem","position":4,"name":"Track &#038; Field"}]},{"@type":"WebSite","@id":"http:\/\/uniathletes.com\/#website","url":"http:\/\/uniathletes.com\/","name":"UniAthletes","description":"UniAthletes","publisher":{"@id":"http:\/\/uniathletes.com\/#organization"},"potentialAction":[{"@type":"SearchAction","target":{"@type":"EntryPoint","urlTemplate":"http:\/\/uniathletes.com\/?s={search_term_string}"},"query-input":"required name=search_term_string"}],"inLanguage":"fr-FR"},{"@type":"Organization","@id":"http:\/\/uniathletes.com\/#organization","name":"UniAthletes","url":"http:\/\/uniathletes.com\/","logo":{"@type":"ImageObject","inLanguage":"fr-FR","@id":"http:\/\/uniathletes.com\/#\/schema\/logo\/image\/","url":"http:\/\/uniathletes.com\/wp-content\/uploads\/2019\/02\/UniAthletes-Logo-flag-horizontal-1.png","contentUrl":"http:\/\/uniathletes.com\/wp-content\/uploads\/2019\/02\/UniAthletes-Logo-flag-horizontal-1.png","width":100,"height":34,"caption":"UniAthletes"},"image":{"@id":"http:\/\/uniathletes.com\/#\/schema\/logo\/image\/"}}]}},"_links":{"self":[{"href":"http:\/\/uniathletes.com\/fr\/wp-json\/wp\/v2\/pages\/11866"}],"collection":[{"href":"http:\/\/uniathletes.com\/fr\/wp-json\/wp\/v2\/pages"}],"about":[{"href":"http:\/\/uniathletes.com\/fr\/wp-json\/wp\/v2\/types\/page"}],"author":[{"embeddable":true,"href":"http:\/\/uniathletes.com\/fr\/wp-json\/wp\/v2\/users\/3"}],"replies":[{"embeddable":true,"href":"http:\/\/uniathletes.com\/fr\/wp-json\/wp\/v2\/comments?post=11866"}],"version-history":[{"count":8,"href":"http:\/\/uniathletes.com\/fr\/wp-json\/wp\/v2\/pages\/11866\/revisions"}],"predecessor-version":[{"id":11948,"href":"http:\/\/uniathletes.com\/fr\/wp-json\/wp\/v2\/pages\/11866\/revisions\/11948"}],"up":[{"embeddable":true,"href":"http:\/\/uniathletes.com\/fr\/wp-json\/wp\/v2\/pages\/11558"}],"wp:attachment":[{"href":"http:\/\/uniathletes.com\/fr\/wp-json\/wp\/v2\/media?parent=11866"}],"curies":[{"name":"wp","href":"https:\/\/api.w.org\/{rel}","templated":true}]}}