{"id":12001,"date":"2019-07-01T20:51:18","date_gmt":"2019-07-01T19:51:18","guid":{"rendered":"http:\/\/uniathletes.com\/?page_id=12001"},"modified":"2019-07-05T22:35:30","modified_gmt":"2019-07-05T21:35:30","slug":"win-a-scholarship","status":"publish","type":"page","link":"http:\/\/uniathletes.com\/fr\/service\/win-a-scholarship\/","title":{"rendered":"Win our services"},"content":{"rendered":"<div class=\"vc_row wpb_row vc_row-fluid\"><div class=\"wpb_column vc_column_container vc_col-sm-12\"><div class=\"vc_column-inner\"><div class=\"wpb_wrapper\">\n\t<div class=\"wpb_text_column wpb_content_element\" >\n\t\t<div class=\"wpb_wrapper\">\n\t\t\t<h2 style=\"text-align: center;\"><b>UNIATHLETES SCHOLAR PROGRAM\u00a0<\/b><\/h2>\n<p>&nbsp;<\/p>\n<p><span style=\"font-weight: 400;\">At UniAthletes, we pride ourselves in the life-changing opportunities we are lucky enough to be able to provide athletes from all over the world. Finding scholarships that can cover up to all costs of attending a school in the US allows many young athletes to live a dream they otherwise would not have been able to experience. Although we keep our fees low, we are aware that the costs are sometimes still a burden for some families.<\/span><\/p>\n<p>&nbsp;<\/p>\n<p><span style=\"font-weight: 400;\">We believe that everyone deserves an opportunity to fulfill their potential. We therefore designed the UniAthletes scholar program to help students who thought their dream of a US university placement was unachievable due to financial restraints. Our scholar program enables a set amount of students to receive the full benefits of our &#8220;premium\u201d service for free if the criteria below are met.\u00a0<\/span><\/p>\n<p>&nbsp;<\/p>\n<p><span style=\"font-weight: 400;\">Successful candidates will receive support and guidance throughout the entire recruiting process. We invite applicants who are passionate about academics and their sport to apply to our scholar program by filling out the form below and emailing us the required documents to support their application at valerie@uniathletes.com. Applicants are encouraged to carefully read the criteria for this program, and only apply if they meet the requirements. Applications for the scholar program should be submitted by September 1st, 2019 and successful applicants will be notified by September 6th, 2019.<\/span><\/p>\n<p>&nbsp;<\/p>\n<h2 style=\"text-align: center;\"><b>CRIT\u00c8RES D'ADMISSION\u00a0<\/b><\/h2>\n<p>&nbsp;<\/p>\n<ul>\n<li style=\"font-weight: 400;\"><span style=\"font-weight: 400;\">Revenu du m\u00e9nage inf\u00e9rieur ou \u00e9gal a 35,000\u20ac annuel.<\/span><span style=\"font-weight: 400;\">\u20ac<\/span><span style=\"font-weight: 400;\">*.\u00a0<\/span><\/li>\n<li style=\"font-weight: 400;\"><span style=\"font-weight: 400;\">Currently enrolled in or has completed high school, and has good academic standing in all courses required to meet NCAA academic eligibility criteria such as maths, english, sciences, social sciences, among others.\u00a0<\/span><\/li>\n<li style=\"font-weight: 400;\"><span style=\"font-weight: 400;\">Write a short essay or make a short 3 to 5-minute video on your academic and sports background and state why we should choose you as one of our scholar program athletes.<\/span><\/li>\n<li style=\"font-weight: 400;\"><span style=\"font-weight: 400;\">Please note that a proof of income document will be required to verify household income.<\/span><\/li>\n<\/ul>\n\n\t\t<\/div>\n\t<\/div>\n<\/div><\/div><\/div><\/div><div class=\"vc_row wpb_row vc_row-fluid\"><div class=\"wpb_column vc_column_container vc_col-sm-4\"><div class=\"vc_column-inner\"><div class=\"wpb_wrapper\">\n\t<div  class=\"wpb_single_image wpb_content_element vc_align_left\">\n\t\t\n\t\t<figure class=\"wpb_wrapper vc_figure\">\n\t\t\t<div class=\"vc_single_image-wrapper   vc_box_border_grey\"><img class=\"vc_single_image-img\" src=\"http:\/\/uniathletes.com\/wp-content\/uploads\/2019\/07\/Screenshot-2019-07-01-at-15.15.01-300x300.png\" width=\"300\" height=\"300\" alt=\"Screenshot 2019-07-01 at 15.15.01\" title=\"Screenshot 2019-07-01 at 15.15.01\" \/><\/div>\n\t\t<\/figure>\n\t<\/div>\n<\/div><\/div><\/div><div class=\"wpb_column vc_column_container vc_col-sm-4\"><div class=\"vc_column-inner\"><div class=\"wpb_wrapper\">\n\t<div  class=\"wpb_single_image wpb_content_element vc_align_left\">\n\t\t\n\t\t<figure class=\"wpb_wrapper vc_figure\">\n\t\t\t<div class=\"vc_single_image-wrapper   vc_box_border_grey\"><img class=\"vc_single_image-img\" src=\"http:\/\/uniathletes.com\/wp-content\/uploads\/2019\/07\/Screenshot-2019-07-01-at-15.14.48-300x300.png\" width=\"300\" height=\"300\" alt=\"KiaraBarns\" title=\"KiaraBarns\" \/><\/div>\n\t\t<\/figure>\n\t<\/div>\n<\/div><\/div><\/div><div class=\"wpb_column vc_column_container vc_col-sm-4\"><div class=\"vc_column-inner\"><div class=\"wpb_wrapper\">\n\t<div  class=\"wpb_single_image wpb_content_element vc_align_left\">\n\t\t\n\t\t<figure class=\"wpb_wrapper vc_figure\">\n\t\t\t<div class=\"vc_single_image-wrapper   vc_box_border_grey\"><img class=\"vc_single_image-img\" src=\"http:\/\/uniathletes.com\/wp-content\/uploads\/2019\/02\/UniAthletes-Tommy-Lee-Camblong-300x300.jpg\" width=\"300\" height=\"300\" alt=\"UniAthletes - Tommy-Lee Camblong\" title=\"UniAthletes - Tommy-Lee Camblong\" \/><\/div>\n\t\t<\/figure>\n\t<\/div>\n<\/div><\/div><\/div><\/div>","protected":false},"excerpt":{"rendered":"UNIATHLETES SCHOLAR PROGRAM\u00a0 &nbsp; At UniAthletes, we pride ourselves in the life-changing opportunities we are lucky enough to be able to provide athletes from all over the world. Finding scholarships...","protected":false},"author":1,"featured_media":0,"parent":11602,"menu_order":0,"comment_status":"closed","ping_status":"closed","template":"","meta":{"_exactmetrics_skip_tracking":false,"_exactmetrics_sitenote_active":false,"_exactmetrics_sitenote_note":"","_exactmetrics_sitenote_category":0},"yoast_head":"<!-- This site is optimized with the Yoast SEO plugin v20.6 - https:\/\/yoast.com\/wordpress\/plugins\/seo\/ -->\n<title>Win our services | UniAthletes<\/title>\n<meta name=\"robots\" content=\"index, follow, max-snippet:-1, max-image-preview:large, max-video-preview:-1\" \/>\n<link rel=\"canonical\" href=\"http:\/\/uniathletes.com\/fr\/service\/win-a-scholarship\/\" \/>\n<meta property=\"og:locale\" content=\"fr_FR\" \/>\n<meta property=\"og:type\" content=\"article\" \/>\n<meta property=\"og:title\" content=\"Win our services | UniAthletes\" \/>\n<meta property=\"og:url\" content=\"http:\/\/uniathletes.com\/fr\/service\/win-a-scholarship\/\" \/>\n<meta property=\"og:site_name\" content=\"UniAthletes\" \/>\n<meta property=\"article:modified_time\" content=\"2019-07-05T21:35:30+00:00\" \/>\n<meta name=\"twitter:card\" content=\"summary_large_image\" \/>\n<meta name=\"twitter:label1\" content=\"Dur\u00e9e de lecture estim\u00e9e\" \/>\n\t<meta name=\"twitter:data1\" content=\"2 minutes\" \/>\n<script type=\"application\/ld+json\" class=\"yoast-schema-graph\">{\"@context\":\"https:\/\/schema.org\",\"@graph\":[{\"@type\":\"WebPage\",\"@id\":\"http:\/\/uniathletes.com\/service\/win-a-scholarship\/\",\"url\":\"http:\/\/uniathletes.com\/service\/win-a-scholarship\/\",\"name\":\"Win our services | UniAthletes\",\"isPartOf\":{\"@id\":\"http:\/\/uniathletes.com\/#website\"},\"datePublished\":\"2019-07-01T19:51:18+00:00\",\"dateModified\":\"2019-07-05T21:35:30+00:00\",\"breadcrumb\":{\"@id\":\"http:\/\/uniathletes.com\/service\/win-a-scholarship\/#breadcrumb\"},\"inLanguage\":\"fr-FR\",\"potentialAction\":[{\"@type\":\"ReadAction\",\"target\":[\"http:\/\/uniathletes.com\/service\/win-a-scholarship\/\"]}]},{\"@type\":\"BreadcrumbList\",\"@id\":\"http:\/\/uniathletes.com\/service\/win-a-scholarship\/#breadcrumb\",\"itemListElement\":[{\"@type\":\"ListItem\",\"position\":1,\"name\":\"Home\",\"item\":\"http:\/\/uniathletes.com\/\"},{\"@type\":\"ListItem\",\"position\":2,\"name\":\"Project\",\"item\":\"http:\/\/uniathletes.com\/service\/\"},{\"@type\":\"ListItem\",\"position\":3,\"name\":\"Win our services\"}]},{\"@type\":\"WebSite\",\"@id\":\"http:\/\/uniathletes.com\/#website\",\"url\":\"http:\/\/uniathletes.com\/\",\"name\":\"UniAthletes\",\"description\":\"UniAthletes\",\"publisher\":{\"@id\":\"http:\/\/uniathletes.com\/#organization\"},\"potentialAction\":[{\"@type\":\"SearchAction\",\"target\":{\"@type\":\"EntryPoint\",\"urlTemplate\":\"http:\/\/uniathletes.com\/?s={search_term_string}\"},\"query-input\":\"required name=search_term_string\"}],\"inLanguage\":\"fr-FR\"},{\"@type\":\"Organization\",\"@id\":\"http:\/\/uniathletes.com\/#organization\",\"name\":\"UniAthletes\",\"url\":\"http:\/\/uniathletes.com\/\",\"logo\":{\"@type\":\"ImageObject\",\"inLanguage\":\"fr-FR\",\"@id\":\"http:\/\/uniathletes.com\/#\/schema\/logo\/image\/\",\"url\":\"http:\/\/uniathletes.com\/wp-content\/uploads\/2019\/02\/UniAthletes-Logo-flag-horizontal-1.png\",\"contentUrl\":\"http:\/\/uniathletes.com\/wp-content\/uploads\/2019\/02\/UniAthletes-Logo-flag-horizontal-1.png\",\"width\":100,\"height\":34,\"caption\":\"UniAthletes\"},\"image\":{\"@id\":\"http:\/\/uniathletes.com\/#\/schema\/logo\/image\/\"}}]}<\/script>\n<!-- \/ Yoast SEO plugin. -->","yoast_head_json":{"title":"Win our services | UniAthletes","robots":{"index":"index","follow":"follow","max-snippet":"max-snippet:-1","max-image-preview":"max-image-preview:large","max-video-preview":"max-video-preview:-1"},"canonical":"http:\/\/uniathletes.com\/fr\/service\/win-a-scholarship\/","og_locale":"fr_FR","og_type":"article","og_title":"Win our services | UniAthletes","og_url":"http:\/\/uniathletes.com\/fr\/service\/win-a-scholarship\/","og_site_name":"UniAthletes","article_modified_time":"2019-07-05T21:35:30+00:00","twitter_card":"summary_large_image","twitter_misc":{"Dur\u00e9e de lecture estim\u00e9e":"2 minutes"},"schema":{"@context":"https:\/\/schema.org","@graph":[{"@type":"WebPage","@id":"http:\/\/uniathletes.com\/service\/win-a-scholarship\/","url":"http:\/\/uniathletes.com\/service\/win-a-scholarship\/","name":"Win our services | UniAthletes","isPartOf":{"@id":"http:\/\/uniathletes.com\/#website"},"datePublished":"2019-07-01T19:51:18+00:00","dateModified":"2019-07-05T21:35:30+00:00","breadcrumb":{"@id":"http:\/\/uniathletes.com\/service\/win-a-scholarship\/#breadcrumb"},"inLanguage":"fr-FR","potentialAction":[{"@type":"ReadAction","target":["http:\/\/uniathletes.com\/service\/win-a-scholarship\/"]}]},{"@type":"BreadcrumbList","@id":"http:\/\/uniathletes.com\/service\/win-a-scholarship\/#breadcrumb","itemListElement":[{"@type":"ListItem","position":1,"name":"Home","item":"http:\/\/uniathletes.com\/"},{"@type":"ListItem","position":2,"name":"Project","item":"http:\/\/uniathletes.com\/service\/"},{"@type":"ListItem","position":3,"name":"Win our services"}]},{"@type":"WebSite","@id":"http:\/\/uniathletes.com\/#website","url":"http:\/\/uniathletes.com\/","name":"UniAthletes","description":"UniAthletes","publisher":{"@id":"http:\/\/uniathletes.com\/#organization"},"potentialAction":[{"@type":"SearchAction","target":{"@type":"EntryPoint","urlTemplate":"http:\/\/uniathletes.com\/?s={search_term_string}"},"query-input":"required name=search_term_string"}],"inLanguage":"fr-FR"},{"@type":"Organization","@id":"http:\/\/uniathletes.com\/#organization","name":"UniAthletes","url":"http:\/\/uniathletes.com\/","logo":{"@type":"ImageObject","inLanguage":"fr-FR","@id":"http:\/\/uniathletes.com\/#\/schema\/logo\/image\/","url":"http:\/\/uniathletes.com\/wp-content\/uploads\/2019\/02\/UniAthletes-Logo-flag-horizontal-1.png","contentUrl":"http:\/\/uniathletes.com\/wp-content\/uploads\/2019\/02\/UniAthletes-Logo-flag-horizontal-1.png","width":100,"height":34,"caption":"UniAthletes"},"image":{"@id":"http:\/\/uniathletes.com\/#\/schema\/logo\/image\/"}}]}},"_links":{"self":[{"href":"http:\/\/uniathletes.com\/fr\/wp-json\/wp\/v2\/pages\/12001"}],"collection":[{"href":"http:\/\/uniathletes.com\/fr\/wp-json\/wp\/v2\/pages"}],"about":[{"href":"http:\/\/uniathletes.com\/fr\/wp-json\/wp\/v2\/types\/page"}],"author":[{"embeddable":true,"href":"http:\/\/uniathletes.com\/fr\/wp-json\/wp\/v2\/users\/1"}],"replies":[{"embeddable":true,"href":"http:\/\/uniathletes.com\/fr\/wp-json\/wp\/v2\/comments?post=12001"}],"version-history":[{"count":16,"href":"http:\/\/uniathletes.com\/fr\/wp-json\/wp\/v2\/pages\/12001\/revisions"}],"predecessor-version":[{"id":12047,"href":"http:\/\/uniathletes.com\/fr\/wp-json\/wp\/v2\/pages\/12001\/revisions\/12047"}],"up":[{"embeddable":true,"href":"http:\/\/uniathletes.com\/fr\/wp-json\/wp\/v2\/pages\/11602"}],"wp:attachment":[{"href":"http:\/\/uniathletes.com\/fr\/wp-json\/wp\/v2\/media?parent=12001"}],"curies":[{"name":"wp","href":"https:\/\/api.w.org\/{rel}","templated":true}]}}