{"id":12330,"date":"2020-11-11T13:09:38","date_gmt":"2020-11-11T13:09:38","guid":{"rendered":"http:\/\/uniathletes.com\/?page_id=12330"},"modified":"2020-11-11T13:29:36","modified_gmt":"2020-11-11T13:29:36","slug":"soccer","status":"publish","type":"page","link":"http:\/\/uniathletes.com\/fr\/service\/sports\/soccer\/","title":{"rendered":"Football"},"content":{"rendered":"<div class=\"vc_row wpb_row vc_row-fluid vc_custom_1605100171385 vc_row-o-full-height vc_row-o-columns-middle vc_row-o-content-middle vc_row-flex\"><div class=\"wpb_column vc_column_container vc_col-sm-12\"><div class=\"vc_column-inner\"><div class=\"wpb_wrapper\"><\/div><\/div><\/div><\/div><!-- Row Backgrounds --><div class=\"upb_content_iframe\" data-controls=\"\" data-viewport-video=\"false\" data-ultimate-video=\"https:\/\/www.youtube.com\/watch?v=tCRpDpDgBcE\" data-bg-override=\"full\" data-start-time=\"\" data-stop-time=\"\" data-ultimate-video-muted=\"muted\" data-ultimate-video-loop=\"loop\" data-ultimate-video-poster=\"\" data-upb-overlay-color=\"rgba(0,0,0,0.3)\" data-upb-bg-animation=\"\" data-fadeout=\"\" data-fadeout-percentage=\"30\"  data-parallax-content=\"\" data-parallax-content-sense=\"30\" data-row-effect-mobile-disable=\"true\" data-img-parallax-mobile-disable=\"true\" data-rtl=\"false\"  data-custom-vc-row=\"\"  data-vc=\"5.4.2\"  data-is_old_vc=\"\"  data-theme-support=\"\"   data-overlay=\"true\" data-overlay-color=\"rgba(0,0,0,0.3)\" data-overlay-pattern=\"\" data-overlay-pattern-opacity=\"0.8\" data-overlay-pattern-size=\"\" data-overlay-pattern-attachment=\"scroll\"     data-video_fixer=\"true\"><\/div><div class=\"vc_row wpb_row vc_row-fluid vc_custom_1550069232530 vc_column-gap-30\"><div class=\"wpb_column vc_column_container vc_col-sm-12\"><div class=\"vc_column-inner\"><div class=\"wpb_wrapper\">\n\t<div class=\"wpb_text_column wpb_content_element\" >\n\t\t<div class=\"wpb_wrapper\">\n\t\t\t<h2 style=\"text-align: center;\"><span style=\"color: #0d034a;\">Football<\/span><\/h2>\n\n\t\t<\/div>\n\t<\/div>\n<div class=\"vc_row wpb_row vc_inner vc_row-fluid\"><div class=\"wpb_column vc_column_container vc_col-sm-3\"><div class=\"vc_column-inner\"><div class=\"wpb_wrapper\">\n\t<div class=\"wpb_text_column wpb_content_element\" >\n\t\t<div class=\"wpb_wrapper\">\n\t\t\t<h3><span style=\"color: #0d034a;\">Description<br \/>\n<\/span><\/h3>\n\n\t\t<\/div>\n\t<\/div>\n<\/div><\/div><\/div><div class=\"wpb_column vc_column_container vc_col-sm-9\"><div class=\"vc_column-inner\"><div class=\"wpb_wrapper\">\n\t<div class=\"wpb_text_column wpb_content_element  wpb_animate_when_almost_visible wpb_bottom-to-top bottom-to-top\" >\n\t\t<div class=\"wpb_wrapper\">\n\t\t\t<p>L\u2019\u00e9quipe masculine de football des \u00c9tats-Unis n\u2019est peut-\u00eatre pas la mieux class\u00e9e dans le monde, mais le niveau de leurs \u00e9quipes universitaires est in\u00e9gal\u00e9, et est souvent le moyen d'entr\u00e9e pour les joueurs voulant \u00e9voluer dans la MLS. L\u2019\u00e9quipe f\u00e9minine des \u00c9tats-Unis a domin\u00e9 la sc\u00e8ne mondiale pendant de nombreuses ann\u00e9es, et une multitude de joueuses de l\u2019\u00e9quipe nationale ont jou\u00e9 au niveau universitaire. Lors de la Coupe du monde f\u00e9minine 2019, 11 joueuses de diff\u00e9rentes nationalit\u00e9s \u00e9taient encore \u00e0 l'universit\u00e9 aux \u00c9tats-Unis ! Les infrastructures des meilleures \u00e9quipes universitaires ressemblent souvent \u00e0 celles des meilleures \u00e9quipes professionnelles en Europe. Avec plus de 1700 \u00e9quipes de football universitaires \u00e0 travers les \u00c9tats-Unis, quel que soit votre niveau, il y a une \u00e9cole pour vous!<\/p>\n\n\t\t<\/div>\n\t<\/div>\n<\/div><\/div><\/div><\/div><\/div><\/div><\/div><\/div><div class=\"vc_row wpb_row vc_row-fluid\"><div class=\"wpb_column vc_column_container vc_col-sm-2\"><div class=\"vc_column-inner\"><div class=\"wpb_wrapper\"><\/div><\/div><\/div><div class=\"wpb_column vc_column_container vc_col-sm-3\"><div class=\"vc_column-inner\"><div class=\"wpb_wrapper\">\n\t<div class=\"wpb_text_column wpb_content_element  vc_custom_1605098608837\" >\n\t\t<div class=\"wpb_wrapper\">\n\t\t\t<h6>Pour qui?<\/h6>\n<p>Les joueurs \u00e2g\u00e9s de 18 \u00e0 24 ans, nous recommandons donc de commencer le processus l\u2019ann\u00e9e pr\u00e9c\u00e9dant l\u2019obtention du dipl\u00f4me d\u2019\u00e9tudes secondaires.<\/p>\n\n\t\t<\/div>\n\t<\/div>\n\n\t<div class=\"wpb_text_column wpb_content_element\" >\n\t\t<div class=\"wpb_wrapper\">\n\t\t\t<h6>Quel niveau?<\/h6>\n<p>Les bourses sportives pour la foot sont tr\u00e8s populaires, il existe donc des bourses pour les joueurs de niveau r\u00e9gional \u00e0 international.<\/p>\n\n\t\t<\/div>\n\t<\/div>\n<\/div><\/div><\/div><div class=\"wpb_column vc_column_container vc_col-sm-2\"><div class=\"vc_column-inner\"><div class=\"wpb_wrapper\"><\/div><\/div><\/div><div class=\"wpb_column vc_column_container vc_col-sm-3\"><div class=\"vc_column-inner\"><div class=\"wpb_wrapper\">\n\t<div class=\"wpb_text_column wpb_content_element  vc_custom_1605098640149\" >\n\t\t<div class=\"wpb_wrapper\">\n\t\t\t<h6>Quand commencer?<\/h6>\n<p>Les entra\u00eeneurs commencent \u00e0 recruter des sportifs bien \u00e0 l'avance, nous vous recommandons donc de commencer les d\u00e9marches un an avant la fin de vos \u00e9tudes secondaires.<\/p>\n\n\t\t<\/div>\n\t<\/div>\n\n\t<div class=\"wpb_text_column wpb_content_element\" >\n\t\t<div class=\"wpb_wrapper\">\n\t\t\t<h6>Quel type de bourse?<\/h6>\n<p>Selon votre niveau, les bourses couvrent les co\u00fbts de 0 \u00e0 100% (frais de scolarit\u00e9, nourriture, logement, assurance, livres).<\/p>\n\n\t\t<\/div>\n\t<\/div>\n<\/div><\/div><\/div><div class=\"wpb_column vc_column_container vc_col-sm-2\"><div class=\"vc_column-inner\"><div class=\"wpb_wrapper\"><\/div><\/div><\/div><\/div><div data-vc-full-width=\"true\" data-vc-full-width-init=\"false\" class=\"vc_row wpb_row vc_row-fluid vc_custom_1550069934361\"><div class=\"wpb_column vc_column_container vc_col-sm-12\"><div class=\"vc_column-inner\"><div class=\"wpb_wrapper\"><div class=\"vc_empty_space\"   style=\"height: 500px\" ><span class=\"vc_empty_space_inner\"><\/span><\/div>\n<\/div><\/div><\/div><\/div><div class=\"vc_row-full-width vc_clearfix\"><\/div><!-- Row Backgrounds --><div class=\"upb_bg_img\" data-ultimate-bg=\"url(http:\/\/uniathletes.com\/wp-content\/uploads\/2019\/02\/UniAthletes-Home-2-1.jpg)\" data-image-id=\"id^11691|url^http:\/\/uniathletes.com\/wp-content\/uploads\/2019\/02\/UniAthletes-Home-2-1.jpg|caption^null|alt^null|title^UniAthletes - Home 2|description^null\" data-ultimate-bg-style=\"vcpb-vz-jquery\" data-bg-img-repeat=\"repeat\" data-bg-img-size=\"cover\" data-bg-img-position=\"\" data-parallx_sense=\"30\" data-bg-override=\"0\" data-bg_img_attach=\"scroll\" data-upb-overlay-color=\"rgba(32,35,38,0.35)\" data-upb-bg-animation=\"\" data-fadeout=\"\" data-bg-animation=\"left-animation\" data-bg-animation-type=\"h\" data-animation-repeat=\"repeat\" data-fadeout-percentage=\"30\" data-parallax-content=\"\" data-parallax-content-sense=\"30\" data-row-effect-mobile-disable=\"true\" data-img-parallax-mobile-disable=\"true\" data-rtl=\"false\"  data-custom-vc-row=\"\"  data-vc=\"5.4.2\"  data-is_old_vc=\"\"  data-theme-support=\"\"   data-overlay=\"true\" data-overlay-color=\"rgba(32,35,38,0.35)\" data-overlay-pattern=\"\" data-overlay-pattern-opacity=\"0.8\" data-overlay-pattern-size=\"\" data-overlay-pattern-attachment=\"scroll\"    ><\/div><div class=\"vc_row wpb_row vc_row-fluid vc_custom_1550070095203 vc_column-gap-30\"><div class=\"wpb_column vc_column_container vc_col-sm-12\"><div class=\"vc_column-inner\"><div class=\"wpb_wrapper\"><div class=\"vc_row wpb_row vc_inner vc_row-fluid\"><div class=\"wpb_column vc_column_container vc_col-sm-3\"><div class=\"vc_column-inner\"><div class=\"wpb_wrapper\">\n\t<div class=\"wpb_text_column wpb_content_element\" >\n\t\t<div class=\"wpb_wrapper\">\n\t\t\t<h3><span style=\"color: #0d034a;\">Entra\u00eenement et vie \u00e9tudiante<br \/>\n<\/span><\/h3>\n\n\t\t<\/div>\n\t<\/div>\n<\/div><\/div><\/div><div class=\"wpb_column vc_column_container vc_col-sm-9\"><div class=\"vc_column-inner\"><div class=\"wpb_wrapper\">\n\t<div class=\"wpb_text_column wpb_content_element  wpb_animate_when_almost_visible wpb_bottom-to-top bottom-to-top\" >\n\t\t<div class=\"wpb_wrapper\">\n\t\t\t<p>Naturellement, les entra\u00eenemets sont sp\u00e9cifiques \u00e0 chaque universit\u00e9 et chaque entra\u00eeneur. En g\u00e9n\u00e9ral, il y a de 5 \u00e0 10 s\u00e9ances d'entra\u00eenements par semaine pendant 2 ou 3 heures par jour. Les entra\u00eenements ne sont pas seulement sur le terrain de foot, mais aussi en salle de muscu et s\u00e9ances d'analyse vid\u00e9o. L'entra\u00eenement est de tr\u00e8s bonne qualit\u00e9 et vous obtiendrez un niveau jamais atteint auparavant tout au long de votre cours universitaire.<\/p>\n<p>G\u00e9n\u00e9ralement, la saison commence au d\u00e9but de l'ann\u00e9e scolaire en ao\u00fbt (Fall). Les finales des championnats de la NCAA (I, II ou III) et de la NAIA ont lieu fin novembre. Puis l\u2019entra\u00eenement de printemps commence (pas de match, mais entra\u00eenements jusqu\u2019\u00e0 la saison suivante).<\/p>\n<p>Les Am\u00e9ricains sont tr\u00e8s orient\u00e9 \u00e9quipe, et le foot est vraiment un effort d\u2019\u00e9quipe. Vous vous entra\u00eenerez et rivaliserez aux c\u00f4t\u00e9s d\u2019un grand groupe de co\u00e9quipiers, et vous vous sentirez vraiment partie d\u2019une grande famille. La vie d\u2019un \u00e9tudiant-athl\u00e8te n\u2019est pas seulement l\u2019entra\u00eenement et l\u2019\u00e9tude, vous ferez partie d\u2019un groupe uni et vous participerez \u00e0 de nombreuses activit\u00e9s avec eux, cr\u00e9ant des amiti\u00e9s qui dureront pour toujours.<\/p>\n\n\t\t<\/div>\n\t<\/div>\n<\/div><\/div><\/div><\/div><\/div><\/div><\/div><\/div><div class=\"vc_row wpb_row vc_row-fluid vc_custom_1550070081331 vc_column-gap-30\"><div class=\"wpb_column vc_column_container vc_col-sm-12\"><div class=\"vc_column-inner\"><div class=\"wpb_wrapper\">\n\t<div class=\"wpb_text_column wpb_content_element\" >\n\t\t<div class=\"wpb_wrapper\">\n\t\t\t<h2 style=\"text-align: center;\"><span style=\"color: #0d034a;\">Divisions<\/span><\/h2>\n\n\t\t<\/div>\n\t<\/div>\n\n\t<div class=\"wpb_text_column wpb_content_element  vc_custom_1605099246304\" >\n\t\t<div class=\"wpb_wrapper\">\n\t\t\t<p style=\"text-align: center;\"><span style=\"color: #eee;\"><span style=\"color: #999999;\">Voici plus d\u2019informations sur toutes les divisions. Contactez-nous pour savoir quelle division vous convient le mieux.<\/span><br \/>\n<\/span><\/p>\n\n\t\t<\/div>\n\t<\/div>\n<div class=\"vc_row wpb_row vc_inner vc_row-fluid\"><div class=\"wpb_column vc_column_container vc_col-sm-3\"><div class=\"vc_column-inner\"><div class=\"wpb_wrapper\">\n\t<div class=\"wpb_text_column wpb_content_element\" >\n\t\t<div class=\"wpb_wrapper\">\n\t\t\t<h5 style=\"text-align: center;\"><span style=\"color: #0d034a;\">NCAA D1<br \/>\n<\/span><\/h5>\n\n\t\t<\/div>\n\t<\/div>\n\n\t<div class=\"wpb_text_column wpb_content_element  wpb_animate_when_almost_visible wpb_bottom-to-top bottom-to-top\" >\n\t\t<div class=\"wpb_wrapper\">\n\t\t\t<p style=\"text-align: center;\">Universit\u00e9s: 338<\/p>\n<p style=\"text-align: center;\">9.9 bourses pour l'\u00e9quipe masculine<\/p>\n<p style=\"text-align: center;\">14.0 bourses pour l'\u00e9quipe f\u00e9minine<\/p>\n\n\t\t<\/div>\n\t<\/div>\n<\/div><\/div><\/div><div class=\"wpb_column vc_column_container vc_col-sm-3\"><div class=\"vc_column-inner\"><div class=\"wpb_wrapper\">\n\t<div class=\"wpb_text_column wpb_content_element\" >\n\t\t<div class=\"wpb_wrapper\">\n\t\t\t<h5 style=\"text-align: center;\"><span style=\"color: #0d034a;\">NCAA D2<\/span><\/h5>\n\n\t\t<\/div>\n\t<\/div>\n\n\t<div class=\"wpb_text_column wpb_content_element  wpb_animate_when_almost_visible wpb_bottom-to-top bottom-to-top\" >\n\t\t<div class=\"wpb_wrapper\">\n\t\t\t<p style=\"text-align: center;\">Universit\u00e9s: 264<\/p>\n<p style=\"text-align: center;\">9 bourses pour l'\u00e9quipe masculine<\/p>\n<p style=\"text-align: center;\">9.9 bourses pour l'\u00e9quipe f\u00e9minine<\/p>\n\n\t\t<\/div>\n\t<\/div>\n<\/div><\/div><\/div><div class=\"wpb_column vc_column_container vc_col-sm-3\"><div class=\"vc_column-inner\"><div class=\"wpb_wrapper\">\n\t<div class=\"wpb_text_column wpb_content_element\" >\n\t\t<div class=\"wpb_wrapper\">\n\t\t\t<h5 style=\"text-align: center;\"><span style=\"color: #0d034a;\">NAIA<br \/>\n<\/span><\/h5>\n\n\t\t<\/div>\n\t<\/div>\n\n\t<div class=\"wpb_text_column wpb_content_element  wpb_animate_when_almost_visible wpb_bottom-to-top bottom-to-top\" >\n\t\t<div class=\"wpb_wrapper\">\n\t\t\t<p style=\"text-align: center;\">Universit\u00e9s: 213<\/p>\n<p style=\"text-align: center;\">12 bourses pour l'\u00e9quipe masculine<\/p>\n<p style=\"text-align: center;\">12 bourses pour l'\u00e9quipe f\u00e9minine<\/p>\n\n\t\t<\/div>\n\t<\/div>\n<\/div><\/div><\/div><div class=\"wpb_column vc_column_container vc_col-sm-3\"><div class=\"vc_column-inner\"><div class=\"wpb_wrapper\">\n\t<div class=\"wpb_text_column wpb_content_element\" >\n\t\t<div class=\"wpb_wrapper\">\n\t\t\t<h5 style=\"text-align: center;\"><span style=\"color: #0d034a;\">NJCAA<br \/>\n<\/span><\/h5>\n\n\t\t<\/div>\n\t<\/div>\n\n\t<div class=\"wpb_text_column wpb_content_element  wpb_animate_when_almost_visible wpb_bottom-to-top bottom-to-top\" >\n\t\t<div class=\"wpb_wrapper\">\n\t\t\t<p style=\"text-align: center;\">Universit\u00e9s: 270<\/p>\n<p style=\"text-align: center;\">24 bourses pour l'\u00e9quipe masculine<\/p>\n<p style=\"text-align: center;\">24 bourses pour l'\u00e9quipe f\u00e9minine<\/p>\n\n\t\t<\/div>\n\t<\/div>\n<\/div><\/div><\/div><\/div><\/div><\/div><\/div><\/div><div data-vc-full-width=\"true\" data-vc-full-width-init=\"false\" data-vc-stretch-content=\"true\" class=\"vc_row wpb_row vc_row-fluid vc_custom_1549377976056 vc_row-has-fill vc_row-no-padding\"><div class=\"wpb_column vc_column_container vc_col-sm-2\"><div class=\"vc_column-inner\"><div class=\"wpb_wrapper\"><\/div><\/div><\/div><div class=\"wpb_column vc_column_container vc_col-sm-4\"><div class=\"vc_column-inner\"><div class=\"wpb_wrapper\">\n\t<div  class=\"wpb_single_image wpb_content_element vc_align_center\">\n\t\t\n\t\t<figure class=\"wpb_wrapper vc_figure\">\n\t\t\t<a href=\"https:\/\/www.facebook.com\/UniAthletes\/\" target=\"_blank\" class=\"vc_single_image-wrapper   vc_box_border_grey\"><img width=\"48\" height=\"48\" src=\"http:\/\/uniathletes.com\/wp-content\/uploads\/2019\/02\/icons8-facebook-48.png\" class=\"vc_single_image-img attachment-large\" alt=\"\" loading=\"lazy\" \/><\/a>\n\t\t<\/figure>\n\t<\/div>\n<\/div><\/div><\/div><div class=\"wpb_column vc_column_container vc_col-sm-4\"><div class=\"vc_column-inner\"><div class=\"wpb_wrapper\">\n\t<div  class=\"wpb_single_image wpb_content_element vc_align_center\">\n\t\t\n\t\t<figure class=\"wpb_wrapper vc_figure\">\n\t\t\t<a href=\"https:\/\/www.instagram.com\/uniathletes\/\" target=\"_blank\" class=\"vc_single_image-wrapper   vc_box_border_grey\"><img width=\"48\" height=\"48\" src=\"http:\/\/uniathletes.com\/wp-content\/uploads\/2019\/02\/icons8-instagram-48.png\" class=\"vc_single_image-img attachment-large\" alt=\"\" loading=\"lazy\" \/><\/a>\n\t\t<\/figure>\n\t<\/div>\n<\/div><\/div><\/div><div class=\"wpb_column vc_column_container vc_col-sm-2\"><div class=\"vc_column-inner\"><div class=\"wpb_wrapper\"><\/div><\/div><\/div><\/div><div class=\"vc_row-full-width vc_clearfix\"><\/div><div data-vc-full-width=\"true\" data-vc-full-width-init=\"false\" class=\"vc_row wpb_row vc_row-fluid vc_custom_1549293541072 vc_row-has-fill\"><div class=\"wpb_column vc_column_container vc_col-sm-12\"><div class=\"vc_column-inner\"><div class=\"wpb_wrapper\"><div class=\"vc_row wpb_row vc_inner vc_row-fluid\"><div class=\"wpb_column vc_column_container vc_col-sm-12\"><div class=\"vc_column-inner\"><div class=\"wpb_wrapper\">\n\t<div class=\"wpb_text_column wpb_content_element  wpb_animate_when_almost_visible wpb_bottom-to-top bottom-to-top\" >\n\t\t<div class=\"wpb_wrapper\">\n\t\t\t<h2 style=\"text-align: center; font-size: 42px; color: #fff;\">Rejoignez-nous!<\/h2>\n\n\t\t<\/div>\n\t<\/div>\n\n\t<div class=\"wpb_text_column wpb_content_element  wpb_animate_when_almost_visible wpb_bottom-to-top bottom-to-top\" >\n\t\t<div class=\"wpb_wrapper\">\n\t\t\t<h4 style=\"color: #fff; font-weight: 400; line-height: 1.5; font-size: 26px; text-align: center;\">Pour plus d'informations ou pour postuler, contactez-nous ou remplissez le formulaire d'inscription.<\/h4>\n\n\t\t<\/div>\n\t<\/div>\n<div class=\"vc_custom_1549293988332 ubtn-ctn-center\"><a class=\"ubtn-link ult-adjust-bottom-margin ubtn-center ubtn-normal\" href=\"http:\/\/uniathletes.com\/fr\/contact\/\"><button type=\"button\" id=\"ubtn-3923\" class=\"ubtn ult-adjust-bottom-margin ult-responsive ubtn-normal ubtn-no-hover-bg  ulta-grow  ubtn-center   tooltip-69d288b8aca36\"  data-hover=\"#0d034a\" data-border-color=\"\" data-bg=\"#ffffff\" data-hover-bg=\"#ffffff\" data-border-hover=\"\" data-shadow-hover=\"\" data-shadow-click=\"none\" data-shadow=\"\" data-shd-shadow=\"\"  data-ultimate-target='#ubtn-3923'  data-responsive-json-new='{\"font-size\":\"\",\"line-height\":\"\"}'  style=\"font-weight:bold;border:none;background: #ffffff;color: #0d034a;\"><span class=\"ubtn-hover\" style=\"background-color:#ffffff\"><\/span><span class=\"ubtn-data ubtn-text\" >Inscription<\/span><\/button><\/a><\/div><\/div><\/div><\/div><\/div><\/div><\/div><\/div><\/div><div class=\"vc_row-full-width vc_clearfix\"><\/div>","protected":false},"excerpt":{"rendered":"Soccer Description USA's men's soccer team might not be the highest ranked worldwide, but the level of their college teams is unparalleled, and is often the entryway for many players...","protected":false},"author":1,"featured_media":0,"parent":11558,"menu_order":0,"comment_status":"closed","ping_status":"closed","template":"","meta":{"_exactmetrics_skip_tracking":false,"_exactmetrics_sitenote_active":false,"_exactmetrics_sitenote_note":"","_exactmetrics_sitenote_category":0},"yoast_head":"<!-- This site is optimized with the Yoast SEO plugin v20.6 - https:\/\/yoast.com\/wordpress\/plugins\/seo\/ -->\n<title>Golf Scholarship in the US | UniAthletes<\/title>\n<meta name=\"description\" content=\"Golf Scholarship in the US. Many college golfers have gone on to have successful careers on the PGA Tour, including NCAA Division.\" \/>\n<meta name=\"robots\" content=\"index, follow, max-snippet:-1, max-image-preview:large, max-video-preview:-1\" \/>\n<link rel=\"canonical\" href=\"http:\/\/uniathletes.com\/fr\/service\/sports\/soccer\/\" \/>\n<meta property=\"og:locale\" content=\"fr_FR\" \/>\n<meta property=\"og:type\" content=\"article\" \/>\n<meta property=\"og:title\" content=\"Golf Scholarship in the US | UniAthletes\" \/>\n<meta property=\"og:description\" content=\"Golf Scholarship in the US. Many college golfers have gone on to have successful careers on the PGA Tour, including NCAA Division.\" \/>\n<meta property=\"og:url\" content=\"http:\/\/uniathletes.com\/fr\/service\/sports\/soccer\/\" \/>\n<meta property=\"og:site_name\" content=\"UniAthletes\" \/>\n<meta property=\"article:modified_time\" content=\"2020-11-11T13:29:36+00:00\" \/>\n<meta name=\"twitter:card\" content=\"summary_large_image\" \/>\n<meta name=\"twitter:label1\" content=\"Dur\u00e9e de lecture estim\u00e9e\" \/>\n\t<meta name=\"twitter:data1\" content=\"5 minutes\" \/>\n<script type=\"application\/ld+json\" class=\"yoast-schema-graph\">{\"@context\":\"https:\/\/schema.org\",\"@graph\":[{\"@type\":\"WebPage\",\"@id\":\"http:\/\/uniathletes.com\/service\/sports\/soccer\/\",\"url\":\"http:\/\/uniathletes.com\/service\/sports\/soccer\/\",\"name\":\"Golf Scholarship in the US | UniAthletes\",\"isPartOf\":{\"@id\":\"http:\/\/uniathletes.com\/#website\"},\"datePublished\":\"2020-11-11T13:09:38+00:00\",\"dateModified\":\"2020-11-11T13:29:36+00:00\",\"description\":\"Golf Scholarship in the US. Many college golfers have gone on to have successful careers on the PGA Tour, including NCAA Division.\",\"breadcrumb\":{\"@id\":\"http:\/\/uniathletes.com\/service\/sports\/soccer\/#breadcrumb\"},\"inLanguage\":\"fr-FR\",\"potentialAction\":[{\"@type\":\"ReadAction\",\"target\":[\"http:\/\/uniathletes.com\/service\/sports\/soccer\/\"]}]},{\"@type\":\"BreadcrumbList\",\"@id\":\"http:\/\/uniathletes.com\/service\/sports\/soccer\/#breadcrumb\",\"itemListElement\":[{\"@type\":\"ListItem\",\"position\":1,\"name\":\"Home\",\"item\":\"http:\/\/uniathletes.com\/\"},{\"@type\":\"ListItem\",\"position\":2,\"name\":\"Project\",\"item\":\"http:\/\/uniathletes.com\/service\/\"},{\"@type\":\"ListItem\",\"position\":3,\"name\":\"Sports\",\"item\":\"http:\/\/uniathletes.com\/service\/sports\/\"},{\"@type\":\"ListItem\",\"position\":4,\"name\":\"Soccer\"}]},{\"@type\":\"WebSite\",\"@id\":\"http:\/\/uniathletes.com\/#website\",\"url\":\"http:\/\/uniathletes.com\/\",\"name\":\"UniAthletes\",\"description\":\"UniAthletes\",\"publisher\":{\"@id\":\"http:\/\/uniathletes.com\/#organization\"},\"potentialAction\":[{\"@type\":\"SearchAction\",\"target\":{\"@type\":\"EntryPoint\",\"urlTemplate\":\"http:\/\/uniathletes.com\/?s={search_term_string}\"},\"query-input\":\"required name=search_term_string\"}],\"inLanguage\":\"fr-FR\"},{\"@type\":\"Organization\",\"@id\":\"http:\/\/uniathletes.com\/#organization\",\"name\":\"UniAthletes\",\"url\":\"http:\/\/uniathletes.com\/\",\"logo\":{\"@type\":\"ImageObject\",\"inLanguage\":\"fr-FR\",\"@id\":\"http:\/\/uniathletes.com\/#\/schema\/logo\/image\/\",\"url\":\"http:\/\/uniathletes.com\/wp-content\/uploads\/2019\/02\/UniAthletes-Logo-flag-horizontal-1.png\",\"contentUrl\":\"http:\/\/uniathletes.com\/wp-content\/uploads\/2019\/02\/UniAthletes-Logo-flag-horizontal-1.png\",\"width\":100,\"height\":34,\"caption\":\"UniAthletes\"},\"image\":{\"@id\":\"http:\/\/uniathletes.com\/#\/schema\/logo\/image\/\"}}]}<\/script>\n<!-- \/ Yoast SEO plugin. -->","yoast_head_json":{"title":"Golf Scholarship in the US | UniAthletes","description":"Golf Scholarship in the US. Many college golfers have gone on to have successful careers on the PGA Tour, including NCAA Division.","robots":{"index":"index","follow":"follow","max-snippet":"max-snippet:-1","max-image-preview":"max-image-preview:large","max-video-preview":"max-video-preview:-1"},"canonical":"http:\/\/uniathletes.com\/fr\/service\/sports\/soccer\/","og_locale":"fr_FR","og_type":"article","og_title":"Golf Scholarship in the US | UniAthletes","og_description":"Golf Scholarship in the US. Many college golfers have gone on to have successful careers on the PGA Tour, including NCAA Division.","og_url":"http:\/\/uniathletes.com\/fr\/service\/sports\/soccer\/","og_site_name":"UniAthletes","article_modified_time":"2020-11-11T13:29:36+00:00","twitter_card":"summary_large_image","twitter_misc":{"Dur\u00e9e de lecture estim\u00e9e":"5 minutes"},"schema":{"@context":"https:\/\/schema.org","@graph":[{"@type":"WebPage","@id":"http:\/\/uniathletes.com\/service\/sports\/soccer\/","url":"http:\/\/uniathletes.com\/service\/sports\/soccer\/","name":"Golf Scholarship in the US | UniAthletes","isPartOf":{"@id":"http:\/\/uniathletes.com\/#website"},"datePublished":"2020-11-11T13:09:38+00:00","dateModified":"2020-11-11T13:29:36+00:00","description":"Golf Scholarship in the US. Many college golfers have gone on to have successful careers on the PGA Tour, including NCAA Division.","breadcrumb":{"@id":"http:\/\/uniathletes.com\/service\/sports\/soccer\/#breadcrumb"},"inLanguage":"fr-FR","potentialAction":[{"@type":"ReadAction","target":["http:\/\/uniathletes.com\/service\/sports\/soccer\/"]}]},{"@type":"BreadcrumbList","@id":"http:\/\/uniathletes.com\/service\/sports\/soccer\/#breadcrumb","itemListElement":[{"@type":"ListItem","position":1,"name":"Home","item":"http:\/\/uniathletes.com\/"},{"@type":"ListItem","position":2,"name":"Project","item":"http:\/\/uniathletes.com\/service\/"},{"@type":"ListItem","position":3,"name":"Sports","item":"http:\/\/uniathletes.com\/service\/sports\/"},{"@type":"ListItem","position":4,"name":"Soccer"}]},{"@type":"WebSite","@id":"http:\/\/uniathletes.com\/#website","url":"http:\/\/uniathletes.com\/","name":"UniAthletes","description":"UniAthletes","publisher":{"@id":"http:\/\/uniathletes.com\/#organization"},"potentialAction":[{"@type":"SearchAction","target":{"@type":"EntryPoint","urlTemplate":"http:\/\/uniathletes.com\/?s={search_term_string}"},"query-input":"required name=search_term_string"}],"inLanguage":"fr-FR"},{"@type":"Organization","@id":"http:\/\/uniathletes.com\/#organization","name":"UniAthletes","url":"http:\/\/uniathletes.com\/","logo":{"@type":"ImageObject","inLanguage":"fr-FR","@id":"http:\/\/uniathletes.com\/#\/schema\/logo\/image\/","url":"http:\/\/uniathletes.com\/wp-content\/uploads\/2019\/02\/UniAthletes-Logo-flag-horizontal-1.png","contentUrl":"http:\/\/uniathletes.com\/wp-content\/uploads\/2019\/02\/UniAthletes-Logo-flag-horizontal-1.png","width":100,"height":34,"caption":"UniAthletes"},"image":{"@id":"http:\/\/uniathletes.com\/#\/schema\/logo\/image\/"}}]}},"_links":{"self":[{"href":"http:\/\/uniathletes.com\/fr\/wp-json\/wp\/v2\/pages\/12330"}],"collection":[{"href":"http:\/\/uniathletes.com\/fr\/wp-json\/wp\/v2\/pages"}],"about":[{"href":"http:\/\/uniathletes.com\/fr\/wp-json\/wp\/v2\/types\/page"}],"author":[{"embeddable":true,"href":"http:\/\/uniathletes.com\/fr\/wp-json\/wp\/v2\/users\/1"}],"replies":[{"embeddable":true,"href":"http:\/\/uniathletes.com\/fr\/wp-json\/wp\/v2\/comments?post=12330"}],"version-history":[{"count":4,"href":"http:\/\/uniathletes.com\/fr\/wp-json\/wp\/v2\/pages\/12330\/revisions"}],"predecessor-version":[{"id":12338,"href":"http:\/\/uniathletes.com\/fr\/wp-json\/wp\/v2\/pages\/12330\/revisions\/12338"}],"up":[{"embeddable":true,"href":"http:\/\/uniathletes.com\/fr\/wp-json\/wp\/v2\/pages\/11558"}],"wp:attachment":[{"href":"http:\/\/uniathletes.com\/fr\/wp-json\/wp\/v2\/media?parent=12330"}],"curies":[{"name":"wp","href":"https:\/\/api.w.org\/{rel}","templated":true}]}}